{"id":241,"date":"2014-04-15T10:45:35","date_gmt":"2014-04-15T08:45:35","guid":{"rendered":"https:\/\/weho.se.vkube.cloud\/?page_id=241"},"modified":"2014-11-13T11:09:57","modified_gmt":"2014-11-13T10:09:57","slug":"standardroom","status":"publish","type":"page","link":"https:\/\/hotelledstrom.se\/en\/accommodation\/standardroom\/","title":{"rendered":"Standard room"},"content":{"rendered":"<p>[et_pb_section fullwidth=&#8221;on&#8221;][et_pb_fullwidth_slider admin_label=&#8221;Fullwidth Slider&#8221; show_arrows=&#8221;on&#8221; show_pagination=&#8221;on&#8221; auto=&#8221;off&#8221; parallax=&#8221;on&#8221; parallax_method=&#8221;off&#8221;][et_pb_slide background_image=&#8221;https:\/\/hotelledstrom.se\/wp-content\/uploads\/2014\/04\/DSC_0552.jpg&#8221; background_color=&#8221;#ffffff&#8221; alignment=&#8221;center&#8221; background_layout=&#8221;dark&#8221; heading=&#8221;Standard room&#8221;]<\/p>\n<h3>Stig in i en modern och harmonisk milj\u00f6.<\/h3>\n<h3><\/h3>\n<p>[\/et_pb_slide][\/et_pb_fullwidth_slider][\/et_pb_section][et_pb_section fullwidth=&#8221;off&#8221; background_color=&#8221;#343f45&#8243; inner_shadow=&#8221;off&#8221; parallax=&#8221;off&#8221;][et_pb_row][et_pb_column type=&#8221;4_4&#8243;][et_pb_text admin_label=&#8221;Text&#8221; background_layout=&#8221;dark&#8221; text_orientation=&#8221;center&#8221;]<\/p>\n<p>Our standard rooms for fills the basic needs for the guests.<\/p>\n<p>The rooms are thoughtfully \u00a0furnished witch provides space for both\u00a0work and relaxation. All the rooms are sound and fire rated<\/p>\n<p>[\/et_pb_text][\/et_pb_column][\/et_pb_row][\/et_pb_section][et_pb_section fullwidth=&#8221;off&#8221; background_color=&#8221;#f5f5f5&#8243; inner_shadow=&#8221;off&#8221; parallax=&#8221;off&#8221;][et_pb_row][et_pb_column type=&#8221;1_4&#8243;][et_pb_image admin_label=&#8221;Image&#8221; src=&#8221;https:\/\/hotelledstrom.se\/wp-content\/uploads\/2014\/01\/DSC_0552.jpg&#8221; url_new_window=&#8221;off&#8221; animation=&#8221;left&#8221; show_in_lightbox=&#8221;off&#8221; sticky=&#8221;off&#8221; \/][et_pb_image admin_label=&#8221;Image&#8221; src=&#8221;https:\/\/hotelledstrom.se\/wp-content\/uploads\/2014\/01\/IMG_03261.jpg&#8221; url_new_window=&#8221;off&#8221; animation=&#8221;right&#8221; show_in_lightbox=&#8221;off&#8221; sticky=&#8221;off&#8221; \/][\/et_pb_column][et_pb_column type=&#8221;1_4&#8243;][et_pb_image admin_label=&#8221;Image&#8221; src=&#8221;https:\/\/hotelledstrom.se\/wp-content\/uploads\/2014\/01\/DSC_0563.jpg&#8221; url_new_window=&#8221;off&#8221; animation=&#8221;left&#8221; show_in_lightbox=&#8221;off&#8221; sticky=&#8221;off&#8221; \/][et_pb_image admin_label=&#8221;Image&#8221; src=&#8221;https:\/\/hotelledstrom.se\/wp-content\/uploads\/2014\/01\/IMG_0334.jpg&#8221; url_new_window=&#8221;off&#8221; animation=&#8221;right&#8221; show_in_lightbox=&#8221;off&#8221; sticky=&#8221;off&#8221; \/][\/et_pb_column][et_pb_column type=&#8221;1_2&#8243;][et_pb_text admin_label=&#8221;Text&#8221; background_layout=&#8221;light&#8221; text_orientation=&#8221;left&#8221;]<\/p>\n<p>We are a family run four star hotel which value high quality service to our guests.<\/p>\n<p>All rooms are non smoking and allergy friendly.<\/p>\n<p>Room features:<\/p>\n<ul>\n<li>Bed with a minimum size of 100 cm<\/li>\n<li>Free WIFI<\/li>\n<li>Flat screen TV cable\/ satellite<\/li>\n<li>Safety deposit box<\/li>\n<li>Bathroom<\/li>\n<li>Addressable fire alarm for all our guests safety<\/li>\n<li>Kettle<\/li>\n<\/ul>\n<p>&nbsp;<\/p>\n<p>&nbsp;<\/p>\n<p>[\/et_pb_text][\/et_pb_column][\/et_pb_row][et_pb_row][et_pb_column type=&#8221;4_4&#8243;][et_pb_cta admin_label=&#8221;Call To Action&#8221; button_url=&#8221;https:\/\/hotelledstrom.se\/bokningsforfragan\/&#8221; background_color=&#8221;#312727&#8243; use_background_color=&#8221;on&#8221; background_layout=&#8221;dark&#8221; text_orientation=&#8221;center&#8221; button_text=&#8221;Bokningsf\u00f6rfr\u00e5gan&#8221; title=&#8221;V\u00e4lkommen till oss p\u00e5 Hotell Edstr\u00f6m&#8221; \/][\/et_pb_column][\/et_pb_row][\/et_pb_section]<\/p>\n","protected":false},"excerpt":{"rendered":"<p>Stig in i en modern och harmonisk milj\u00f6. <div class=\"et_pb_row et_pb_row_0 et_pb_row_empty\">\n\t\t\t\t\n\t\t\t\t\n\t\t\t\t\n\t\t\t\t\n\t\t\t\t\n\t\t\t<\/div> Our standard rooms for fills the basic needs for the guests. The rooms are thoughtfully \u00a0furnished witch provides space for both\u00a0work and relaxation. All the rooms are sound and fire rated <div class=\"et_pb_row et_pb_row_1 et_pb_row_empty\">\n\t\t\t\t\n\t\t\t\t\n\t\t\t\t\n\t\t\t\t\n\t\t\t\t\n\t\t\t<\/div> We are a family run four star hotel which value high quality service to [&hellip;]<\/p>\n","protected":false},"author":3,"featured_media":0,"parent":247,"menu_order":0,"comment_status":"open","ping_status":"open","template":"","meta":{"_et_pb_use_builder":"on","_et_pb_old_content":"<p>[et_pb_section fullwidth=\"on\"][et_pb_fullwidth_slider admin_label=\"Fullwidth Slider\" show_arrows=\"on\" show_pagination=\"on\" auto=\"off\" parallax=\"on\"][et_pb_slide background_image=\"https:\/\/hotelledstrom.se\/wp-content\/uploads\/2014\/01\/Rum-161_0017.jpg\" background_color=\"#ffffff\" alignment=\"center\" background_layout=\"dark\" heading=\"V\u00e5ra enkelrum\"]<\/p><h3>Stig in i en modern och harmonisk milj\u00f6.<\/h3><h3>\u00a0<\/h3><p>[\/et_pb_slide][\/et_pb_fullwidth_slider][\/et_pb_section][et_pb_section fullwidth=\"off\" background_color=\"#343f45\" inner_shadow=\"off\" parallax=\"off\"][et_pb_row][et_pb_column type=\"4_4\"][et_pb_text admin_label=\"Text\" background_layout=\"dark\" text_orientation=\"center\"]<\/p><p>I v\u00e5ra enkelrum m\u00f6ter g\u00e4sten en modern och funktionell milj\u00f6.<br \/> Inredningen \u00e4r ljus med rustik m\u00f6beldesign i norrl\u00e4ndskt furu, vilket ger en harmonisk och \u00f6ppen atmosf\u00e4r.<br \/> Alla rum \u00e4r v\u00e4ldisponerade med plats f\u00f6r b\u00e5de s\u00f6mn,arbete och avkoppling. Rummen \u00e4r ljud-och brandklassade.<\/p><p>[\/et_pb_text][\/et_pb_column][\/et_pb_row][\/et_pb_section][et_pb_section fullwidth=\"off\" background_color=\"#f5f5f5\" inner_shadow=\"off\" parallax=\"off\"][et_pb_row][et_pb_column type=\"1_4\"][et_pb_image admin_label=\"Image\" src=\"https:\/\/hotelledstrom.se\/wp-content\/uploads\/2014\/01\/DSC_0552.jpg\" url_new_window=\"off\" animation=\"left\" \/][et_pb_image admin_label=\"Image\" src=\"https:\/\/hotelledstrom.se\/wp-content\/uploads\/2014\/01\/DSC_0621.jpg\" url_new_window=\"off\" animation=\"right\" \/][\/et_pb_column][et_pb_column type=\"1_4\"][et_pb_image admin_label=\"Image\" src=\"https:\/\/hotelledstrom.se\/wp-content\/uploads\/2014\/01\/Rum-161_0017.jpg\" url_new_window=\"off\" animation=\"left\" \/][et_pb_image admin_label=\"Image\" src=\"https:\/\/hotelledstrom.se\/wp-content\/uploads\/2014\/01\/DSC_0565.jpg\" url_new_window=\"off\" animation=\"right\" \/][\/et_pb_column][et_pb_column type=\"1_2\"][et_pb_text admin_label=\"Text\" background_layout=\"light\" text_orientation=\"left\"]<\/p><p>Ett stort antal av v\u00e5ra g\u00e4ster bor hos oss under l\u00e4ngre tidsperioder vilket st\u00e4ller extra h\u00f6ga krav p\u00e5 boendemilj\u00f6n. V\u00e5ra enkelrum, dubbelrum och sviter uppfyller v\u00e5ra aff\u00e4rsresen\u00e4rers h\u00f6gt st\u00e4llda \u00f6nskem\u00e5l och behov, vilket g\u00f6r vistelsen angen\u00e4m \u00e4ven f\u00f6r \u00f6vriga g\u00e4ster.<\/p><p>H\u00f6g standard \u00e4r viktigt f\u00f6r v\u00e5ra g\u00e4sters trivsel. D\u00e4rf\u00f6r \u00e4r det \u00e4r en sj\u00e4lvklarhet f\u00f6r oss att hela hotellanl\u00e4ggningen ska vara funktionell, bekv\u00e4m och hemtrevlig.<\/p><p>Samtliga rum \u00e4r r\u00f6kfria,allergianpassade och utrustade med:<\/p><ul><li>Minimum 100 cm breda s\u00e4ngar<\/li><li>Fri Internetaccess\/ WIFI<\/li><li>Telefon<\/li><li>Platt TV, kabel\/satellit<\/li><li>Vattenkokare<\/li><li>Badrum med toalett,dusch,handdukstork,spegel & h\u00e5rf\u00f6n<\/li><li>V\u00e4rdefack<\/li><li>\u00d6ppningsbara f\u00f6nster<\/li><li>Adresserbart brandlarm f\u00f6r g\u00e4sternas s\u00e4kerhet.<\/li><\/ul><p>[\/et_pb_text][\/et_pb_column][\/et_pb_row][et_pb_row][et_pb_column type=\"4_4\"][et_pb_cta admin_label=\"Call To Action\" button_url=\"https:\/\/hotelledstrom.se\/bokningsforfragan\/\" background_color=\"#312727\" use_background_color=\"on\" background_layout=\"dark\" text_orientation=\"center\" button_text=\"Bokningsf\u00f6rfr\u00e5gan\" title=\"V\u00e4lkommen till oss p\u00e5 Hotell Edstr\u00f6m\" \/][\/et_pb_column][\/et_pb_row][\/et_pb_section]<\/p>","_et_gb_content_width":"","footnotes":""},"yoast_head":"<!-- This site is optimized with the Yoast SEO plugin v22.1 - https:\/\/yoast.com\/wordpress\/plugins\/seo\/ -->\n<title>Standard room - Hotell Edstr\u00f6m<\/title>\n<meta name=\"robots\" content=\"index, follow, max-snippet:-1, max-image-preview:large, max-video-preview:-1\" \/>\n<link rel=\"canonical\" href=\"https:\/\/hotelledstrom.se\/en\/accommodation\/standardroom\/\" \/>\n<meta property=\"og:locale\" content=\"en_US\" \/>\n<meta property=\"og:type\" content=\"article\" \/>\n<meta property=\"og:title\" content=\"Standard room - Hotell Edstr\u00f6m\" \/>\n<meta property=\"og:description\" content=\"Stig in i en modern och harmonisk milj\u00f6. Our standard rooms for fills the basic needs for the guests. The rooms are thoughtfully \u00a0furnished witch provides space for both\u00a0work and relaxation. All the rooms are sound and fire rated We are a family run four star hotel which value high quality service to [&hellip;]\" \/>\n<meta property=\"og:url\" content=\"https:\/\/hotelledstrom.se\/en\/accommodation\/standardroom\/\" \/>\n<meta property=\"og:site_name\" content=\"Hotell Edstr\u00f6m\" \/>\n<meta property=\"article:modified_time\" content=\"2014-11-13T10:09:57+00:00\" \/>\n<meta name=\"twitter:label1\" content=\"Est. reading time\" \/>\n\t<meta name=\"twitter:data1\" content=\"2 minutes\" \/>\n<script type=\"application\/ld+json\" class=\"yoast-schema-graph\">{\"@context\":\"https:\/\/schema.org\",\"@graph\":[{\"@type\":\"WebPage\",\"@id\":\"https:\/\/hotelledstrom.se\/en\/accommodation\/standardroom\/\",\"url\":\"https:\/\/hotelledstrom.se\/en\/accommodation\/standardroom\/\",\"name\":\"Standard room - Hotell Edstr\u00f6m\",\"isPartOf\":{\"@id\":\"https:\/\/hotelledstrom.se\/en\/#website\"},\"datePublished\":\"2014-04-15T08:45:35+00:00\",\"dateModified\":\"2014-11-13T10:09:57+00:00\",\"breadcrumb\":{\"@id\":\"https:\/\/hotelledstrom.se\/en\/accommodation\/standardroom\/#breadcrumb\"},\"inLanguage\":\"en-US\",\"potentialAction\":[{\"@type\":\"ReadAction\",\"target\":[\"https:\/\/hotelledstrom.se\/en\/accommodation\/standardroom\/\"]}]},{\"@type\":\"BreadcrumbList\",\"@id\":\"https:\/\/hotelledstrom.se\/en\/accommodation\/standardroom\/#breadcrumb\",\"itemListElement\":[{\"@type\":\"ListItem\",\"position\":1,\"name\":\"Accommodation\",\"item\":\"https:\/\/hotelledstrom.se\/en\/?page_id=247\"},{\"@type\":\"ListItem\",\"position\":2,\"name\":\"Standard room\"}]},{\"@type\":\"WebSite\",\"@id\":\"https:\/\/hotelledstrom.se\/en\/#website\",\"url\":\"https:\/\/hotelledstrom.se\/en\/\",\"name\":\"Hotell Edstr\u00f6m\",\"description\":\"Ett f\u00f6rstklassigt businesshotell i hj\u00e4rtat av Lappland.\",\"potentialAction\":[{\"@type\":\"SearchAction\",\"target\":{\"@type\":\"EntryPoint\",\"urlTemplate\":\"https:\/\/hotelledstrom.se\/en\/?s={search_term_string}\"},\"query-input\":\"required name=search_term_string\"}],\"inLanguage\":\"en-US\"}]}<\/script>\n<!-- \/ Yoast SEO plugin. -->","yoast_head_json":{"title":"Standard room - Hotell Edstr\u00f6m","robots":{"index":"index","follow":"follow","max-snippet":"max-snippet:-1","max-image-preview":"max-image-preview:large","max-video-preview":"max-video-preview:-1"},"canonical":"https:\/\/hotelledstrom.se\/en\/accommodation\/standardroom\/","og_locale":"en_US","og_type":"article","og_title":"Standard room - Hotell Edstr\u00f6m","og_description":"Stig in i en modern och harmonisk milj\u00f6. Our standard rooms for fills the basic needs for the guests. The rooms are thoughtfully \u00a0furnished witch provides space for both\u00a0work and relaxation. All the rooms are sound and fire rated We are a family run four star hotel which value high quality service to [&hellip;]","og_url":"https:\/\/hotelledstrom.se\/en\/accommodation\/standardroom\/","og_site_name":"Hotell Edstr\u00f6m","article_modified_time":"2014-11-13T10:09:57+00:00","twitter_misc":{"Est. reading time":"2 minutes"},"schema":{"@context":"https:\/\/schema.org","@graph":[{"@type":"WebPage","@id":"https:\/\/hotelledstrom.se\/en\/accommodation\/standardroom\/","url":"https:\/\/hotelledstrom.se\/en\/accommodation\/standardroom\/","name":"Standard room - Hotell Edstr\u00f6m","isPartOf":{"@id":"https:\/\/hotelledstrom.se\/en\/#website"},"datePublished":"2014-04-15T08:45:35+00:00","dateModified":"2014-11-13T10:09:57+00:00","breadcrumb":{"@id":"https:\/\/hotelledstrom.se\/en\/accommodation\/standardroom\/#breadcrumb"},"inLanguage":"en-US","potentialAction":[{"@type":"ReadAction","target":["https:\/\/hotelledstrom.se\/en\/accommodation\/standardroom\/"]}]},{"@type":"BreadcrumbList","@id":"https:\/\/hotelledstrom.se\/en\/accommodation\/standardroom\/#breadcrumb","itemListElement":[{"@type":"ListItem","position":1,"name":"Accommodation","item":"https:\/\/hotelledstrom.se\/en\/?page_id=247"},{"@type":"ListItem","position":2,"name":"Standard room"}]},{"@type":"WebSite","@id":"https:\/\/hotelledstrom.se\/en\/#website","url":"https:\/\/hotelledstrom.se\/en\/","name":"Hotell Edstr\u00f6m","description":"Ett f\u00f6rstklassigt businesshotell i hj\u00e4rtat av Lappland.","potentialAction":[{"@type":"SearchAction","target":{"@type":"EntryPoint","urlTemplate":"https:\/\/hotelledstrom.se\/en\/?s={search_term_string}"},"query-input":"required name=search_term_string"}],"inLanguage":"en-US"}]}},"_links":{"self":[{"href":"https:\/\/hotelledstrom.se\/en\/wp-json\/wp\/v2\/pages\/241"}],"collection":[{"href":"https:\/\/hotelledstrom.se\/en\/wp-json\/wp\/v2\/pages"}],"about":[{"href":"https:\/\/hotelledstrom.se\/en\/wp-json\/wp\/v2\/types\/page"}],"author":[{"embeddable":true,"href":"https:\/\/hotelledstrom.se\/en\/wp-json\/wp\/v2\/users\/3"}],"replies":[{"embeddable":true,"href":"https:\/\/hotelledstrom.se\/en\/wp-json\/wp\/v2\/comments?post=241"}],"version-history":[{"count":0,"href":"https:\/\/hotelledstrom.se\/en\/wp-json\/wp\/v2\/pages\/241\/revisions"}],"up":[{"embeddable":true,"href":"https:\/\/hotelledstrom.se\/en\/wp-json\/wp\/v2\/pages\/247"}],"wp:attachment":[{"href":"https:\/\/hotelledstrom.se\/en\/wp-json\/wp\/v2\/media?parent=241"}],"curies":[{"name":"wp","href":"https:\/\/api.w.org\/{rel}","templated":true}]}}