{"id":413,"date":"2014-11-25T14:55:13","date_gmt":"2014-11-25T13:55:13","guid":{"rendered":"https:\/\/weho.se.vkube.cloud\/?page_id=413"},"modified":"2021-11-08T14:06:10","modified_gmt":"2021-11-08T13:06:10","slug":"contact-us","status":"publish","type":"page","link":"https:\/\/hotelledstrom.se\/en\/contact-us\/","title":{"rendered":"Contact us"},"content":{"rendered":"<p>[et_pb_section fb_built=&#8221;1&#8243; fullwidth=&#8221;on&#8221; _builder_version=&#8221;3.22&#8243; global_colors_info=&#8221;{}&#8221;][et_pb_fullwidth_image src=&#8221;https:\/\/hotelledstrom.se\/wp-content\/uploads\/2014\/01\/Exteri\u00f6r.jpg&#8221; _builder_version=&#8221;4.13.0&#8243; _module_preset=&#8221;default&#8221; title_text=&#8221;Exteri\u00f6r&#8221; hover_enabled=&#8221;0&#8243; sticky_enabled=&#8221;0&#8243;][\/et_pb_fullwidth_image][\/et_pb_section][et_pb_section fb_built=&#8221;1&#8243; _builder_version=&#8221;3.22&#8243; global_colors_info=&#8221;{}&#8221;][et_pb_row _builder_version=&#8221;3.25&#8243; background_size=&#8221;initial&#8221; background_position=&#8221;top_left&#8221; background_repeat=&#8221;repeat&#8221; global_colors_info=&#8221;{}&#8221; column_structure=&#8221;2_3,1_3&#8243;][et_pb_column type=&#8221;2_3&#8243; _builder_version=&#8221;3.25&#8243; custom_padding=&#8221;|||&#8221; global_colors_info=&#8221;{}&#8221; custom_padding__hover=&#8221;|||&#8221;][et_pb_contact_form email=&#8221;info@hoteled.com&#8221; title=&#8221;Contact us&#8221; admin_label=&#8221;Contact Form&#8221; _builder_version=&#8221;3.0.87&#8243; global_colors_info=&#8221;{}&#8221;][et_pb_contact_field field_id=&#8221;Name&#8221; field_title=&#8221;Name&#8221; _builder_version=&#8221;3.16&#8243; hover_enabled=&#8221;0&#8243; global_colors_info=&#8221;{}&#8221; button_text_size__hover_enabled=&#8221;off&#8221; button_one_text_size__hover_enabled=&#8221;off&#8221; button_two_text_size__hover_enabled=&#8221;off&#8221; button_text_color__hover_enabled=&#8221;off&#8221; button_one_text_color__hover_enabled=&#8221;off&#8221; button_two_text_color__hover_enabled=&#8221;off&#8221; button_border_width__hover_enabled=&#8221;off&#8221; button_one_border_width__hover_enabled=&#8221;off&#8221; button_two_border_width__hover_enabled=&#8221;off&#8221; button_border_color__hover_enabled=&#8221;off&#8221; button_one_border_color__hover_enabled=&#8221;off&#8221; button_two_border_color__hover_enabled=&#8221;off&#8221; button_border_radius__hover_enabled=&#8221;off&#8221; button_one_border_radius__hover_enabled=&#8221;off&#8221; button_two_border_radius__hover_enabled=&#8221;off&#8221; button_letter_spacing__hover_enabled=&#8221;off&#8221; button_one_letter_spacing__hover_enabled=&#8221;off&#8221; button_two_letter_spacing__hover_enabled=&#8221;off&#8221; button_bg_color__hover_enabled=&#8221;off&#8221; button_one_bg_color__hover_enabled=&#8221;off&#8221; button_two_bg_color__hover_enabled=&#8221;off&#8221; sticky_enabled=&#8221;0&#8243;][\/et_pb_contact_field][et_pb_contact_field field_id=&#8221;Email&#8221; field_title=&#8221;Email Address&#8221; field_type=&#8221;email&#8221; _builder_version=&#8221;3.16&#8243; global_colors_info=&#8221;{}&#8221; button_text_size__hover_enabled=&#8221;off&#8221; button_one_text_size__hover_enabled=&#8221;off&#8221; button_two_text_size__hover_enabled=&#8221;off&#8221; button_text_color__hover_enabled=&#8221;off&#8221; button_one_text_color__hover_enabled=&#8221;off&#8221; button_two_text_color__hover_enabled=&#8221;off&#8221; button_border_width__hover_enabled=&#8221;off&#8221; button_one_border_width__hover_enabled=&#8221;off&#8221; button_two_border_width__hover_enabled=&#8221;off&#8221; button_border_color__hover_enabled=&#8221;off&#8221; button_one_border_color__hover_enabled=&#8221;off&#8221; button_two_border_color__hover_enabled=&#8221;off&#8221; button_border_radius__hover_enabled=&#8221;off&#8221; button_one_border_radius__hover_enabled=&#8221;off&#8221; button_two_border_radius__hover_enabled=&#8221;off&#8221; button_letter_spacing__hover_enabled=&#8221;off&#8221; button_one_letter_spacing__hover_enabled=&#8221;off&#8221; button_two_letter_spacing__hover_enabled=&#8221;off&#8221; button_bg_color__hover_enabled=&#8221;off&#8221; button_one_bg_color__hover_enabled=&#8221;off&#8221; button_two_bg_color__hover_enabled=&#8221;off&#8221;][\/et_pb_contact_field][et_pb_contact_field field_id=&#8221;Message&#8221; field_title=&#8221;Message&#8221; field_type=&#8221;text&#8221; fullwidth_field=&#8221;on&#8221; _builder_version=&#8221;3.16&#8243; global_colors_info=&#8221;{}&#8221; button_text_size__hover_enabled=&#8221;off&#8221; button_one_text_size__hover_enabled=&#8221;off&#8221; button_two_text_size__hover_enabled=&#8221;off&#8221; button_text_color__hover_enabled=&#8221;off&#8221; button_one_text_color__hover_enabled=&#8221;off&#8221; button_two_text_color__hover_enabled=&#8221;off&#8221; button_border_width__hover_enabled=&#8221;off&#8221; button_one_border_width__hover_enabled=&#8221;off&#8221; button_two_border_width__hover_enabled=&#8221;off&#8221; button_border_color__hover_enabled=&#8221;off&#8221; button_one_border_color__hover_enabled=&#8221;off&#8221; button_two_border_color__hover_enabled=&#8221;off&#8221; button_border_radius__hover_enabled=&#8221;off&#8221; button_one_border_radius__hover_enabled=&#8221;off&#8221; button_two_border_radius__hover_enabled=&#8221;off&#8221; button_letter_spacing__hover_enabled=&#8221;off&#8221; button_one_letter_spacing__hover_enabled=&#8221;off&#8221; button_two_letter_spacing__hover_enabled=&#8221;off&#8221; button_bg_color__hover_enabled=&#8221;off&#8221; button_one_bg_color__hover_enabled=&#8221;off&#8221; button_two_bg_color__hover_enabled=&#8221;off&#8221;][\/et_pb_contact_field][\/et_pb_contact_form][\/et_pb_column][et_pb_column type=&#8221;1_3&#8243; _builder_version=&#8221;3.25&#8243; custom_padding=&#8221;|||&#8221; global_colors_info=&#8221;{}&#8221; custom_padding__hover=&#8221;|||&#8221;][et_pb_divider show_divider=&#8221;off&#8221; disabled_on=&#8221;on|on|off&#8221; admin_label=&#8221;Divider&#8221; _builder_version=&#8221;3.23.4&#8243; height=&#8221;20px&#8221; global_colors_info=&#8221;{}&#8221;][\/et_pb_divider][et_pb_text admin_label=&#8221;Text&#8221; _builder_version=&#8221;3.27.4&#8243; background_size=&#8221;initial&#8221; background_position=&#8221;top_left&#8221; background_repeat=&#8221;repeat&#8221; global_colors_info=&#8221;{}&#8221;]<strong>Address <\/strong><\/p>\n<p>Hotell Edstr\u00f6m<br \/>\nStationsgatan 9<br \/>\n933 32 Arvidsjaur<br \/>\nSWEDEN<\/p>\n<p><strong>Reception: <\/strong>+46-(0)960-171 00<br \/>\n<strong>Fax:<\/strong>\u00a0+46-(0)960-171 01<br \/>\n<strong>E-post:<\/strong> info@hoteled.com<br \/>\n[\/et_pb_text][\/et_pb_column][\/et_pb_row][\/et_pb_section]<\/p>\n","protected":false},"excerpt":{"rendered":"<p>Address Hotell Edstr\u00f6m Stationsgatan 9 933 32 Arvidsjaur SWEDEN Reception: +46-(0)960-171 00 Fax:\u00a0+46-(0)960-171 01 E-post: info@hoteled.com<\/p>\n","protected":false},"author":4,"featured_media":0,"parent":0,"menu_order":0,"comment_status":"closed","ping_status":"closed","template":"","meta":{"_et_pb_use_builder":"on","_et_pb_old_content":"<p>[et_pb_section fullwidth=\"on\" specialty=\"off\"][et_pb_fullwidth_map admin_label=\"Fullwidth Map\" zoom_level=\"13\" address_lat=\"65.5906229\" address_lng=\"19.171705299999985\" address=\"Stationsgatan 9, 933 32 Arvidsjaur, Sverige\"][et_pb_map_pin title=\"Hotell Edstr\u00f6m\" pin_address=\"Stationsgatan 11, 933 32 Arvidsjaur, Sverige\" pin_address_lat=\"65.59055417711414\" pin_address_lng=\"19.172011071827683\" \/][\/et_pb_fullwidth_map][\/et_pb_section][et_pb_section fullwidth=\"off\"][et_pb_row][et_pb_column type=\"2_3\"][et_pb_contact_form admin_label=\"Contact Form\" captcha=\"on\" title=\"Kontakta oss\" email=\"info@hoteled.com\" \/][\/et_pb_column][et_pb_column type=\"1_3\"][et_pb_divider admin_label=\"Divider\" color=\"#ffffff\" show_divider=\"off\" height=\"20\" \/][et_pb_text admin_label=\"Text\" background_layout=\"light\" text_orientation=\"left\"] <strong>Adress <\/strong>Hotell Edstr\u00f6m Stationsgatan 9 933 32 Arvidsjaur SWEDEN <strong>Reception: <\/strong>+46-(0)960-171 00 <strong>Fax:<\/strong>\u00a0+46-(0)960-171 01 <strong>E-post:<\/strong> info@hoteled.com [\/et_pb_text][\/et_pb_column][\/et_pb_row][\/et_pb_section]<\/p>","_et_gb_content_width":"","footnotes":""},"yoast_head":"<!-- This site is optimized with the Yoast SEO plugin v22.1 - https:\/\/yoast.com\/wordpress\/plugins\/seo\/ -->\n<title>Contact us - Hotell Edstr\u00f6m<\/title>\n<meta name=\"robots\" content=\"index, follow, max-snippet:-1, max-image-preview:large, max-video-preview:-1\" \/>\n<link rel=\"canonical\" href=\"https:\/\/hotelledstrom.se\/en\/contact-us\/\" \/>\n<meta property=\"og:locale\" content=\"en_US\" \/>\n<meta property=\"og:type\" content=\"article\" \/>\n<meta property=\"og:title\" content=\"Contact us - Hotell Edstr\u00f6m\" \/>\n<meta property=\"og:description\" content=\"Address Hotell Edstr\u00f6m Stationsgatan 9 933 32 Arvidsjaur SWEDEN Reception: +46-(0)960-171 00 Fax:\u00a0+46-(0)960-171 01 E-post: info@hoteled.com\" \/>\n<meta property=\"og:url\" content=\"https:\/\/hotelledstrom.se\/en\/contact-us\/\" \/>\n<meta property=\"og:site_name\" content=\"Hotell Edstr\u00f6m\" \/>\n<meta property=\"article:modified_time\" content=\"2021-11-08T13:06:10+00:00\" \/>\n<meta name=\"twitter:label1\" content=\"Est. reading time\" \/>\n\t<meta name=\"twitter:data1\" content=\"3 minutes\" \/>\n<script type=\"application\/ld+json\" class=\"yoast-schema-graph\">{\"@context\":\"https:\/\/schema.org\",\"@graph\":[{\"@type\":\"WebPage\",\"@id\":\"https:\/\/hotelledstrom.se\/en\/contact-us\/\",\"url\":\"https:\/\/hotelledstrom.se\/en\/contact-us\/\",\"name\":\"Contact us - Hotell Edstr\u00f6m\",\"isPartOf\":{\"@id\":\"https:\/\/hotelledstrom.se\/en\/#website\"},\"datePublished\":\"2014-11-25T13:55:13+00:00\",\"dateModified\":\"2021-11-08T13:06:10+00:00\",\"inLanguage\":\"en-US\",\"potentialAction\":[{\"@type\":\"ReadAction\",\"target\":[\"https:\/\/hotelledstrom.se\/en\/contact-us\/\"]}]},{\"@type\":\"WebSite\",\"@id\":\"https:\/\/hotelledstrom.se\/en\/#website\",\"url\":\"https:\/\/hotelledstrom.se\/en\/\",\"name\":\"Hotell Edstr\u00f6m\",\"description\":\"Ett f\u00f6rstklassigt businesshotell i hj\u00e4rtat av Lappland.\",\"potentialAction\":[{\"@type\":\"SearchAction\",\"target\":{\"@type\":\"EntryPoint\",\"urlTemplate\":\"https:\/\/hotelledstrom.se\/en\/?s={search_term_string}\"},\"query-input\":\"required name=search_term_string\"}],\"inLanguage\":\"en-US\"}]}<\/script>\n<!-- \/ Yoast SEO plugin. -->","yoast_head_json":{"title":"Contact us - Hotell Edstr\u00f6m","robots":{"index":"index","follow":"follow","max-snippet":"max-snippet:-1","max-image-preview":"max-image-preview:large","max-video-preview":"max-video-preview:-1"},"canonical":"https:\/\/hotelledstrom.se\/en\/contact-us\/","og_locale":"en_US","og_type":"article","og_title":"Contact us - Hotell Edstr\u00f6m","og_description":"Address Hotell Edstr\u00f6m Stationsgatan 9 933 32 Arvidsjaur SWEDEN Reception: +46-(0)960-171 00 Fax:\u00a0+46-(0)960-171 01 E-post: info@hoteled.com","og_url":"https:\/\/hotelledstrom.se\/en\/contact-us\/","og_site_name":"Hotell Edstr\u00f6m","article_modified_time":"2021-11-08T13:06:10+00:00","twitter_misc":{"Est. reading time":"3 minutes"},"schema":{"@context":"https:\/\/schema.org","@graph":[{"@type":"WebPage","@id":"https:\/\/hotelledstrom.se\/en\/contact-us\/","url":"https:\/\/hotelledstrom.se\/en\/contact-us\/","name":"Contact us - Hotell Edstr\u00f6m","isPartOf":{"@id":"https:\/\/hotelledstrom.se\/en\/#website"},"datePublished":"2014-11-25T13:55:13+00:00","dateModified":"2021-11-08T13:06:10+00:00","inLanguage":"en-US","potentialAction":[{"@type":"ReadAction","target":["https:\/\/hotelledstrom.se\/en\/contact-us\/"]}]},{"@type":"WebSite","@id":"https:\/\/hotelledstrom.se\/en\/#website","url":"https:\/\/hotelledstrom.se\/en\/","name":"Hotell Edstr\u00f6m","description":"Ett f\u00f6rstklassigt businesshotell i hj\u00e4rtat av Lappland.","potentialAction":[{"@type":"SearchAction","target":{"@type":"EntryPoint","urlTemplate":"https:\/\/hotelledstrom.se\/en\/?s={search_term_string}"},"query-input":"required name=search_term_string"}],"inLanguage":"en-US"}]}},"_links":{"self":[{"href":"https:\/\/hotelledstrom.se\/en\/wp-json\/wp\/v2\/pages\/413"}],"collection":[{"href":"https:\/\/hotelledstrom.se\/en\/wp-json\/wp\/v2\/pages"}],"about":[{"href":"https:\/\/hotelledstrom.se\/en\/wp-json\/wp\/v2\/types\/page"}],"author":[{"embeddable":true,"href":"https:\/\/hotelledstrom.se\/en\/wp-json\/wp\/v2\/users\/4"}],"replies":[{"embeddable":true,"href":"https:\/\/hotelledstrom.se\/en\/wp-json\/wp\/v2\/comments?post=413"}],"version-history":[{"count":0,"href":"https:\/\/hotelledstrom.se\/en\/wp-json\/wp\/v2\/pages\/413\/revisions"}],"wp:attachment":[{"href":"https:\/\/hotelledstrom.se\/en\/wp-json\/wp\/v2\/media?parent=413"}],"curies":[{"name":"wp","href":"https:\/\/api.w.org\/{rel}","templated":true}]}}