{"id":418,"date":"2014-11-25T16:03:35","date_gmt":"2014-11-25T15:03:35","guid":{"rendered":"https:\/\/weho.se.vkube.cloud\/?page_id=418"},"modified":"2026-01-13T16:11:51","modified_gmt":"2026-01-13T15:11:51","slug":"relaxation-facilities","status":"publish","type":"page","link":"https:\/\/hotelledstrom.se\/en\/relaxation-facilities\/","title":{"rendered":"Relaxation facilities"},"content":{"rendered":"<p>[et_pb_section fb_built=&#8221;1&#8243; fullwidth=&#8221;on&#8221; _builder_version=&#8221;4.16&#8243; background_color=&#8221;#ffffff&#8221; background_image=&#8221;https:\/\/hotelledstrom.se\/wp-content\/uploads\/2014\/01\/Sauna.jpg&#8221; global_colors_info=&#8221;{}&#8221;][et_pb_fullwidth_slider admin_label=&#8221;Fullwidth Slider&#8221; _builder_version=&#8221;4.16&#8243; parallax=&#8221;on&#8221; custom_padding=&#8221;|||&#8221; custom_padding_tablet=&#8221;|||&#8221; custom_padding_phone=&#8221;|||&#8221; box_shadow_style=&#8221;preset6&#8243; box_shadow_blur=&#8221;10px&#8221; box_shadow_color=&#8221;rgba(0,0,0,0.1)&#8221; show_inner_shadow=&#8221;on&#8221; global_colors_info=&#8221;{}&#8221; button_text_size__hover_enabled=&#8221;off&#8221; button_one_text_size__hover_enabled=&#8221;off&#8221; button_two_text_size__hover_enabled=&#8221;off&#8221; button_text_color__hover_enabled=&#8221;off&#8221; button_one_text_color__hover_enabled=&#8221;off&#8221; button_two_text_color__hover_enabled=&#8221;off&#8221; button_border_width__hover_enabled=&#8221;off&#8221; button_one_border_width__hover_enabled=&#8221;off&#8221; button_two_border_width__hover_enabled=&#8221;off&#8221; button_border_color__hover_enabled=&#8221;off&#8221; button_one_border_color__hover_enabled=&#8221;off&#8221; button_two_border_color__hover_enabled=&#8221;off&#8221; button_border_radius__hover_enabled=&#8221;off&#8221; button_one_border_radius__hover_enabled=&#8221;off&#8221; button_two_border_radius__hover_enabled=&#8221;off&#8221; button_letter_spacing__hover_enabled=&#8221;off&#8221; button_one_letter_spacing__hover_enabled=&#8221;off&#8221; button_two_letter_spacing__hover_enabled=&#8221;off&#8221; button_bg_color__hover_enabled=&#8221;off&#8221; button_one_bg_color__hover_enabled=&#8221;off&#8221; button_two_bg_color__hover_enabled=&#8221;off&#8221;][et_pb_slide heading=&#8221;Relaxation Facilites&#8221; _builder_version=&#8221;4.16&#8243; background_color=&#8221;#ffffff&#8221; background_image=&#8221;https:\/\/hotelledstrom.se\/wp-content\/uploads\/2014\/01\/DSCN0048.jpg&#8221; global_colors_info=&#8221;{}&#8221; button_text_size__hover_enabled=&#8221;off&#8221; button_one_text_size__hover_enabled=&#8221;off&#8221; button_two_text_size__hover_enabled=&#8221;off&#8221; button_text_color__hover_enabled=&#8221;off&#8221; button_one_text_color__hover_enabled=&#8221;off&#8221; button_two_text_color__hover_enabled=&#8221;off&#8221; button_border_width__hover_enabled=&#8221;off&#8221; button_one_border_width__hover_enabled=&#8221;off&#8221; button_two_border_width__hover_enabled=&#8221;off&#8221; button_border_color__hover_enabled=&#8221;off&#8221; button_one_border_color__hover_enabled=&#8221;off&#8221; button_two_border_color__hover_enabled=&#8221;off&#8221; button_border_radius__hover_enabled=&#8221;off&#8221; button_one_border_radius__hover_enabled=&#8221;off&#8221; button_two_border_radius__hover_enabled=&#8221;off&#8221; button_letter_spacing__hover_enabled=&#8221;off&#8221; button_one_letter_spacing__hover_enabled=&#8221;off&#8221; button_two_letter_spacing__hover_enabled=&#8221;off&#8221; button_bg_color__hover_enabled=&#8221;off&#8221; button_one_bg_color__hover_enabled=&#8221;off&#8221; button_two_bg_color__hover_enabled=&#8221;off&#8221; sticky_transition=&#8221;on&#8221;]<\/p>\n<h3>Stig in i en modern och harmonisk milj\u00f6.<\/h3>\n<h3><\/h3>\n<p>[\/et_pb_slide][\/et_pb_fullwidth_slider][\/et_pb_section][et_pb_section fb_built=&#8221;1&#8243; _builder_version=&#8221;4.16&#8243; background_color=&#8221;#343f45&#8243; global_colors_info=&#8221;{}&#8221;][et_pb_row _builder_version=&#8221;4.16&#8243; background_size=&#8221;initial&#8221; background_position=&#8221;top_left&#8221; background_repeat=&#8221;repeat&#8221; global_colors_info=&#8221;{}&#8221;][et_pb_column type=&#8221;4_4&#8243; _builder_version=&#8221;4.16&#8243; custom_padding=&#8221;|||&#8221; global_colors_info=&#8221;{}&#8221; custom_padding__hover=&#8221;|||&#8221;][et_pb_text admin_label=&#8221;Text&#8221; _builder_version=&#8221;4.24.2&#8243; background_size=&#8221;initial&#8221; background_position=&#8221;top_left&#8221; background_repeat=&#8221;repeat&#8221; text_orientation=&#8221;center&#8221; background_layout=&#8221;dark&#8221; module_alignment=&#8221;center&#8221; hover_enabled=&#8221;0&#8243; global_colors_info=&#8221;{}&#8221; sticky_enabled=&#8221;0&#8243;]<\/p>\n<p><strong>Relaxation area, sauna, Jacuzzi and gym. Everything for your relaxation and exercise needs!<\/strong><\/p>\n<p>The hotel facilities provides access to a modern relaxation area and sauna. The well-equipped gym offers the perfect setting for cardio and weight workouts.<\/p>\n<p>[\/et_pb_text][\/et_pb_column][\/et_pb_row][\/et_pb_section][et_pb_section fb_built=&#8221;1&#8243; _builder_version=&#8221;4.16&#8243; background_color=&#8221;#f5f5f5&#8243; global_colors_info=&#8221;{}&#8221;][et_pb_row column_structure=&#8221;1_4,1_4,1_2&#8243; _builder_version=&#8221;4.16&#8243; background_size=&#8221;initial&#8221; background_position=&#8221;top_left&#8221; background_repeat=&#8221;repeat&#8221; global_colors_info=&#8221;{}&#8221;][et_pb_column type=&#8221;1_4&#8243; _builder_version=&#8221;4.16&#8243; custom_padding=&#8221;|||&#8221; global_colors_info=&#8221;{}&#8221; custom_padding__hover=&#8221;|||&#8221;][et_pb_image src=&#8221;https:\/\/hotelledstrom.se\/wp-content\/uploads\/2014\/01\/Sauna.jpg&#8221; align_tablet=&#8221;center&#8221; align_phone=&#8221;center&#8221; align_last_edited=&#8221;on|desktop&#8221; admin_label=&#8221;Image&#8221; _builder_version=&#8221;4.16&#8243; animation_style=&#8221;slide&#8221; animation_direction=&#8221;left&#8221; animation_duration=&#8221;500ms&#8221; animation_intensity_slide=&#8221;10%&#8221; animation=&#8221;left&#8221; sticky=&#8221;off&#8221; global_colors_info=&#8221;{}&#8221;][\/et_pb_image][et_pb_image src=&#8221;https:\/\/hotelledstrom.se\/wp-content\/uploads\/2014\/01\/DSCN0039.jpg&#8221; align_tablet=&#8221;center&#8221; align_phone=&#8221;center&#8221; align_last_edited=&#8221;on|desktop&#8221; admin_label=&#8221;Image&#8221; _builder_version=&#8221;4.16&#8243; animation_style=&#8221;slide&#8221; animation_direction=&#8221;right&#8221; animation_duration=&#8221;500ms&#8221; animation_intensity_slide=&#8221;10%&#8221; animation=&#8221;right&#8221; global_colors_info=&#8221;{}&#8221;][\/et_pb_image][\/et_pb_column][et_pb_column type=&#8221;1_4&#8243; _builder_version=&#8221;4.16&#8243; custom_padding=&#8221;|||&#8221; global_colors_info=&#8221;{}&#8221; custom_padding__hover=&#8221;|||&#8221;][et_pb_image src=&#8221;https:\/\/hotelledstrom.se\/wp-content\/uploads\/2014\/01\/DSCN0048.jpg&#8221; align_tablet=&#8221;center&#8221; align_phone=&#8221;center&#8221; align_last_edited=&#8221;on|desktop&#8221; admin_label=&#8221;Image&#8221; _builder_version=&#8221;4.16&#8243; animation_style=&#8221;slide&#8221; animation_direction=&#8221;left&#8221; animation_duration=&#8221;500ms&#8221; animation_intensity_slide=&#8221;10%&#8221; animation=&#8221;left&#8221; global_colors_info=&#8221;{}&#8221;][\/et_pb_image][et_pb_image src=&#8221;https:\/\/hotelledstrom.se\/wp-content\/uploads\/2014\/01\/bastu.jpg&#8221; align_tablet=&#8221;center&#8221; align_phone=&#8221;center&#8221; align_last_edited=&#8221;on|desktop&#8221; admin_label=&#8221;Image&#8221; _builder_version=&#8221;4.16&#8243; animation_style=&#8221;slide&#8221; animation_direction=&#8221;right&#8221; animation_duration=&#8221;500ms&#8221; animation_intensity_slide=&#8221;10%&#8221; animation=&#8221;right&#8221; global_colors_info=&#8221;{}&#8221;][\/et_pb_image][\/et_pb_column][et_pb_column type=&#8221;1_2&#8243; _builder_version=&#8221;4.16&#8243; custom_padding=&#8221;|||&#8221; global_colors_info=&#8221;{}&#8221; custom_padding__hover=&#8221;|||&#8221;][et_pb_text admin_label=&#8221;Text&#8221; _builder_version=&#8221;4.16&#8243; background_size=&#8221;initial&#8221; background_position=&#8221;top_left&#8221; background_repeat=&#8221;repeat&#8221; global_colors_info=&#8221;{}&#8221; custom_padding=&#8221;||4px|||&#8221;][\/et_pb_text][\/et_pb_column][\/et_pb_row][et_pb_row _builder_version=&#8221;4.16&#8243; background_size=&#8221;initial&#8221; background_position=&#8221;top_left&#8221; background_repeat=&#8221;repeat&#8221; global_colors_info=&#8221;{}&#8221;][et_pb_column type=&#8221;4_4&#8243; _builder_version=&#8221;4.16&#8243; custom_padding=&#8221;|||&#8221; global_colors_info=&#8221;{}&#8221; custom_padding__hover=&#8221;|||&#8221;][et_pb_cta title=&#8221;V\u00e4lkommen till oss p\u00e5 Hotell Edstr\u00f6m&#8221; button_url=&#8221;https:\/\/hotelledstrom.se\/bokningsforfragan\/&#8221; button_text=&#8221;Bokningsf\u00f6rfr\u00e5gan&#8221; admin_label=&#8221;Call To Action&#8221; _builder_version=&#8221;4.16&#8243; background_color=&#8221;#312727&#8243; background_size=&#8221;initial&#8221; background_position=&#8221;top_left&#8221; background_repeat=&#8221;repeat&#8221; global_colors_info=&#8221;{}&#8221; button_text_size__hover_enabled=&#8221;off&#8221; button_one_text_size__hover_enabled=&#8221;off&#8221; button_two_text_size__hover_enabled=&#8221;off&#8221; button_text_color__hover_enabled=&#8221;off&#8221; button_one_text_color__hover_enabled=&#8221;off&#8221; button_two_text_color__hover_enabled=&#8221;off&#8221; button_border_width__hover_enabled=&#8221;off&#8221; button_one_border_width__hover_enabled=&#8221;off&#8221; button_two_border_width__hover_enabled=&#8221;off&#8221; button_border_color__hover_enabled=&#8221;off&#8221; button_one_border_color__hover_enabled=&#8221;off&#8221; button_two_border_color__hover_enabled=&#8221;off&#8221; button_border_radius__hover_enabled=&#8221;off&#8221; button_one_border_radius__hover_enabled=&#8221;off&#8221; button_two_border_radius__hover_enabled=&#8221;off&#8221; button_letter_spacing__hover_enabled=&#8221;off&#8221; button_one_letter_spacing__hover_enabled=&#8221;off&#8221; button_two_letter_spacing__hover_enabled=&#8221;off&#8221; button_bg_color__hover_enabled=&#8221;off&#8221; button_one_bg_color__hover_enabled=&#8221;off&#8221; button_two_bg_color__hover_enabled=&#8221;off&#8221;][\/et_pb_cta][\/et_pb_column][\/et_pb_row][\/et_pb_section]<\/p>\n","protected":false},"excerpt":{"rendered":"<p>Stig in i en modern och harmonisk milj\u00f6. Relaxation area, sauna, Jacuzzi and gym. Everything for your relaxation and exercise needs! The hotel facilities provides access to a modern relaxation area and sauna. The well-equipped gym offers the perfect setting for cardio and weight workouts.<\/p>\n","protected":false},"author":3,"featured_media":0,"parent":0,"menu_order":0,"comment_status":"open","ping_status":"closed","template":"","meta":{"_et_pb_use_builder":"on","_et_pb_old_content":"<p>[et_pb_section fullwidth=\"on\" background_image=\"https:\/\/hotelledstrom.se\/wp-content\/uploads\/2014\/01\/Sauna.jpg\" background_color=\"#ffffff\" inner_shadow=\"off\" parallax=\"off\"][et_pb_fullwidth_slider admin_label=\"Fullwidth Slider\" show_arrows=\"on\" show_pagination=\"on\" auto=\"off\" parallax=\"on\"][et_pb_slide background_image=\"https:\/\/hotelledstrom.se\/wp-content\/uploads\/2014\/01\/DSCN0048.jpg\" background_color=\"#ffffff\" alignment=\"center\" background_layout=\"dark\" heading=\"V\u00e5r relaxavdelning\"]<\/p><h3>Stig in i en modern och harmonisk milj\u00f6.<\/h3><h3>\u00a0<\/h3><p>[\/et_pb_slide][\/et_pb_fullwidth_slider][\/et_pb_section][et_pb_section fullwidth=\"off\" background_color=\"#343f45\" inner_shadow=\"off\" parallax=\"off\"][et_pb_row][et_pb_column type=\"4_4\"][et_pb_text admin_label=\"Text\" background_layout=\"dark\" text_orientation=\"center\"] Allt f\u00f6r din avslappning och din tr\u00e4ning. Inom hotellanl\u00e4ggningen finns till g\u00e5ng till moderna och behagliga relaxavdelningar, jacuzzi och ett v\u00e4lutrustat gym. [\/et_pb_text][\/et_pb_column][\/et_pb_row][\/et_pb_section][et_pb_section fullwidth=\"off\" background_color=\"#f5f5f5\" inner_shadow=\"off\" parallax=\"off\"][et_pb_row][et_pb_column type=\"1_4\"][et_pb_image admin_label=\"Image\" src=\"https:\/\/hotelledstrom.se\/wp-content\/uploads\/2014\/01\/Sauna.jpg\" url_new_window=\"off\" animation=\"left\" \/][et_pb_image admin_label=\"Image\" src=\"https:\/\/hotelledstrom.se\/wp-content\/uploads\/2014\/01\/DSCN0039.jpg\" url_new_window=\"off\" animation=\"right\" \/][\/et_pb_column][et_pb_column type=\"1_4\"][et_pb_image admin_label=\"Image\" src=\"https:\/\/hotelledstrom.se\/wp-content\/uploads\/2014\/01\/DSCN0048.jpg\" url_new_window=\"off\" animation=\"left\" \/][et_pb_image admin_label=\"Image\" src=\"https:\/\/hotelledstrom.se\/wp-content\/uploads\/2014\/01\/bastu.jpg\" url_new_window=\"off\" animation=\"right\" \/][\/et_pb_column][et_pb_column type=\"1_2\"][et_pb_text admin_label=\"Text\" background_layout=\"light\" text_orientation=\"left\"] Gym,Bastu och Relaxavdelning Allt f\u00f6r din avslappning och din tr\u00e4ning. Inom hotellanl\u00e4ggningen finns till g\u00e5ng till moderna och behagliga relaxavdelningar, jacuzzi och ett v\u00e4lutrustat gym. [\/et_pb_text][\/et_pb_column][\/et_pb_row][et_pb_row][et_pb_column type=\"4_4\"][et_pb_cta admin_label=\"Call To Action\" button_url=\"https:\/\/hotelledstrom.se\/bokningsforfragan\/\" background_color=\"#312727\" use_background_color=\"on\" background_layout=\"dark\" text_orientation=\"center\" button_text=\"Bokningsf\u00f6rfr\u00e5gan\" title=\"V\u00e4lkommen till oss p\u00e5 Hotell Edstr\u00f6m\" \/][\/et_pb_column][\/et_pb_row][\/et_pb_section]<\/p>","_et_gb_content_width":"","footnotes":""},"yoast_head":"<!-- This site is optimized with the Yoast SEO plugin v22.1 - https:\/\/yoast.com\/wordpress\/plugins\/seo\/ -->\n<title>Relaxation facilities - Hotell Edstr\u00f6m<\/title>\n<meta name=\"robots\" content=\"index, follow, max-snippet:-1, max-image-preview:large, max-video-preview:-1\" \/>\n<link rel=\"canonical\" href=\"https:\/\/hotelledstrom.se\/en\/relaxation-facilities\/\" \/>\n<meta property=\"og:locale\" content=\"en_US\" \/>\n<meta property=\"og:type\" content=\"article\" \/>\n<meta property=\"og:title\" content=\"Relaxation facilities - Hotell Edstr\u00f6m\" \/>\n<meta property=\"og:description\" content=\"Stig in i en modern och harmonisk milj\u00f6. Relaxation area, sauna, Jacuzzi and gym. Everything for your relaxation and exercise needs! The hotel facilities provides access to a modern relaxation area and sauna. The well-equipped gym offers the perfect setting for cardio and weight workouts.\" \/>\n<meta property=\"og:url\" content=\"https:\/\/hotelledstrom.se\/en\/relaxation-facilities\/\" \/>\n<meta property=\"og:site_name\" content=\"Hotell Edstr\u00f6m\" \/>\n<meta property=\"article:modified_time\" content=\"2026-01-13T15:11:51+00:00\" \/>\n<meta name=\"twitter:label1\" content=\"Est. reading time\" \/>\n\t<meta name=\"twitter:data1\" content=\"5 minutes\" \/>\n<script type=\"application\/ld+json\" class=\"yoast-schema-graph\">{\"@context\":\"https:\/\/schema.org\",\"@graph\":[{\"@type\":\"WebPage\",\"@id\":\"https:\/\/hotelledstrom.se\/en\/relaxation-facilities\/\",\"url\":\"https:\/\/hotelledstrom.se\/en\/relaxation-facilities\/\",\"name\":\"Relaxation facilities - Hotell Edstr\u00f6m\",\"isPartOf\":{\"@id\":\"https:\/\/hotelledstrom.se\/en\/#website\"},\"datePublished\":\"2014-11-25T15:03:35+00:00\",\"dateModified\":\"2026-01-13T15:11:51+00:00\",\"inLanguage\":\"en-US\",\"potentialAction\":[{\"@type\":\"ReadAction\",\"target\":[\"https:\/\/hotelledstrom.se\/en\/relaxation-facilities\/\"]}]},{\"@type\":\"WebSite\",\"@id\":\"https:\/\/hotelledstrom.se\/en\/#website\",\"url\":\"https:\/\/hotelledstrom.se\/en\/\",\"name\":\"Hotell Edstr\u00f6m\",\"description\":\"Ett f\u00f6rstklassigt businesshotell i hj\u00e4rtat av Lappland.\",\"potentialAction\":[{\"@type\":\"SearchAction\",\"target\":{\"@type\":\"EntryPoint\",\"urlTemplate\":\"https:\/\/hotelledstrom.se\/en\/?s={search_term_string}\"},\"query-input\":\"required name=search_term_string\"}],\"inLanguage\":\"en-US\"}]}<\/script>\n<!-- \/ Yoast SEO plugin. -->","yoast_head_json":{"title":"Relaxation facilities - Hotell Edstr\u00f6m","robots":{"index":"index","follow":"follow","max-snippet":"max-snippet:-1","max-image-preview":"max-image-preview:large","max-video-preview":"max-video-preview:-1"},"canonical":"https:\/\/hotelledstrom.se\/en\/relaxation-facilities\/","og_locale":"en_US","og_type":"article","og_title":"Relaxation facilities - Hotell Edstr\u00f6m","og_description":"Stig in i en modern och harmonisk milj\u00f6. Relaxation area, sauna, Jacuzzi and gym. Everything for your relaxation and exercise needs! The hotel facilities provides access to a modern relaxation area and sauna. The well-equipped gym offers the perfect setting for cardio and weight workouts.","og_url":"https:\/\/hotelledstrom.se\/en\/relaxation-facilities\/","og_site_name":"Hotell Edstr\u00f6m","article_modified_time":"2026-01-13T15:11:51+00:00","twitter_misc":{"Est. reading time":"5 minutes"},"schema":{"@context":"https:\/\/schema.org","@graph":[{"@type":"WebPage","@id":"https:\/\/hotelledstrom.se\/en\/relaxation-facilities\/","url":"https:\/\/hotelledstrom.se\/en\/relaxation-facilities\/","name":"Relaxation facilities - Hotell Edstr\u00f6m","isPartOf":{"@id":"https:\/\/hotelledstrom.se\/en\/#website"},"datePublished":"2014-11-25T15:03:35+00:00","dateModified":"2026-01-13T15:11:51+00:00","inLanguage":"en-US","potentialAction":[{"@type":"ReadAction","target":["https:\/\/hotelledstrom.se\/en\/relaxation-facilities\/"]}]},{"@type":"WebSite","@id":"https:\/\/hotelledstrom.se\/en\/#website","url":"https:\/\/hotelledstrom.se\/en\/","name":"Hotell Edstr\u00f6m","description":"Ett f\u00f6rstklassigt businesshotell i hj\u00e4rtat av Lappland.","potentialAction":[{"@type":"SearchAction","target":{"@type":"EntryPoint","urlTemplate":"https:\/\/hotelledstrom.se\/en\/?s={search_term_string}"},"query-input":"required name=search_term_string"}],"inLanguage":"en-US"}]}},"_links":{"self":[{"href":"https:\/\/hotelledstrom.se\/en\/wp-json\/wp\/v2\/pages\/418"}],"collection":[{"href":"https:\/\/hotelledstrom.se\/en\/wp-json\/wp\/v2\/pages"}],"about":[{"href":"https:\/\/hotelledstrom.se\/en\/wp-json\/wp\/v2\/types\/page"}],"author":[{"embeddable":true,"href":"https:\/\/hotelledstrom.se\/en\/wp-json\/wp\/v2\/users\/3"}],"replies":[{"embeddable":true,"href":"https:\/\/hotelledstrom.se\/en\/wp-json\/wp\/v2\/comments?post=418"}],"version-history":[{"count":0,"href":"https:\/\/hotelledstrom.se\/en\/wp-json\/wp\/v2\/pages\/418\/revisions"}],"wp:attachment":[{"href":"https:\/\/hotelledstrom.se\/en\/wp-json\/wp\/v2\/media?parent=418"}],"curies":[{"name":"wp","href":"https:\/\/api.w.org\/{rel}","templated":true}]}}