{"id":421,"date":"2014-11-26T11:46:29","date_gmt":"2014-11-26T10:46:29","guid":{"rendered":"https:\/\/weho.se.vkube.cloud\/?page_id=421"},"modified":"2025-04-30T10:17:13","modified_gmt":"2025-04-30T08:17:13","slug":"valkommen-till-hotell-edstrom-2","status":"publish","type":"page","link":"https:\/\/hotelledstrom.se\/en\/","title":{"rendered":"Welcome to Hotel Edstr\u00f6m"},"content":{"rendered":"<p>[et_pb_section fb_built=&#8221;1&#8243; _builder_version=&#8221;4.24.2&#8243; background_color=&#8221;#878787&#8243; background_image=&#8221;https:\/\/hotelledstrom.se\/wp-content\/uploads\/2024\/02\/start-background-opacity30.jpg&#8221; parallax=&#8221;on&#8221; parallax_method=&#8221;css&#8221; global_colors_info=&#8221;{}&#8221;][et_pb_row _builder_version=&#8221;4.16&#8243; background_size=&#8221;initial&#8221; background_position=&#8221;top_left&#8221; background_repeat=&#8221;repeat&#8221; global_colors_info=&#8221;{}&#8221;][et_pb_column type=&#8221;4_4&#8243; _builder_version=&#8221;4.16&#8243; custom_padding=&#8221;|||&#8221; global_colors_info=&#8221;{}&#8221; custom_padding__hover=&#8221;|||&#8221;][et_pb_slider admin_label=&#8221;Slider&#8221; module_class=&#8221;transparent&#8221; _builder_version=&#8221;4.16&#8243; custom_padding=&#8221;|||&#8221; box_shadow_style=&#8221;preset6&#8243; box_shadow_blur=&#8221;10px&#8221; box_shadow_color=&#8221;rgba(0,0,0,0.1)&#8221; show_inner_shadow=&#8221;on&#8221; global_colors_info=&#8221;{}&#8221; button_text_size__hover_enabled=&#8221;off&#8221; button_one_text_size__hover_enabled=&#8221;off&#8221; button_two_text_size__hover_enabled=&#8221;off&#8221; button_text_color__hover_enabled=&#8221;off&#8221; button_one_text_color__hover_enabled=&#8221;off&#8221; button_two_text_color__hover_enabled=&#8221;off&#8221; button_border_width__hover_enabled=&#8221;off&#8221; button_one_border_width__hover_enabled=&#8221;off&#8221; button_two_border_width__hover_enabled=&#8221;off&#8221; button_border_color__hover_enabled=&#8221;off&#8221; button_one_border_color__hover_enabled=&#8221;off&#8221; button_two_border_color__hover_enabled=&#8221;off&#8221; button_border_radius__hover_enabled=&#8221;off&#8221; button_one_border_radius__hover_enabled=&#8221;off&#8221; button_two_border_radius__hover_enabled=&#8221;off&#8221; button_letter_spacing__hover_enabled=&#8221;off&#8221; button_one_letter_spacing__hover_enabled=&#8221;off&#8221; button_two_letter_spacing__hover_enabled=&#8221;off&#8221; button_bg_color__hover_enabled=&#8221;off&#8221; button_one_bg_color__hover_enabled=&#8221;off&#8221; button_two_bg_color__hover_enabled=&#8221;off&#8221;][et_pb_slide heading=&#8221;Welcome to Hotel Edstr\u00f6m&#8221; use_bg_overlay=&#8221;off&#8221; use_text_overlay=&#8221;off&#8221; _builder_version=&#8221;4.16&#8243; background_color=&#8221;#ffffff&#8221; button_on_hover=&#8221;on&#8221; global_colors_info=&#8221;{}&#8221; button_text_size__hover_enabled=&#8221;off&#8221; button_one_text_size__hover_enabled=&#8221;off&#8221; button_two_text_size__hover_enabled=&#8221;off&#8221; button_text_color__hover_enabled=&#8221;off&#8221; button_one_text_color__hover_enabled=&#8221;off&#8221; button_two_text_color__hover_enabled=&#8221;off&#8221; button_border_width__hover_enabled=&#8221;off&#8221; button_one_border_width__hover_enabled=&#8221;off&#8221; button_two_border_width__hover_enabled=&#8221;off&#8221; button_border_color__hover_enabled=&#8221;off&#8221; button_one_border_color__hover_enabled=&#8221;off&#8221; button_two_border_color__hover_enabled=&#8221;off&#8221; button_border_radius__hover_enabled=&#8221;off&#8221; button_one_border_radius__hover_enabled=&#8221;off&#8221; button_two_border_radius__hover_enabled=&#8221;off&#8221; button_letter_spacing__hover_enabled=&#8221;off&#8221; button_one_letter_spacing__hover_enabled=&#8221;off&#8221; button_two_letter_spacing__hover_enabled=&#8221;off&#8221; button_bg_color__hover_enabled=&#8221;off&#8221; button_one_bg_color__hover_enabled=&#8221;off&#8221; button_two_bg_color__hover_enabled=&#8221;off&#8221; sticky_transition=&#8221;on&#8221;]<\/p>\n<p><strong>A first class business hotel in the heart of Lapland.<\/strong><strong><\/strong><strong><\/strong><\/p>\n<p><strong><\/strong><\/p>\n<p><strong><\/strong><\/p>\n<p><span style=\"font-size: xx-large;\"><strong>The Hotel is closed for the summer\u00a0<\/strong><\/span><\/p>\n<p>&nbsp;<\/p>\n<p>[\/et_pb_slide][\/et_pb_slider][\/et_pb_column][\/et_pb_row][et_pb_row column_structure=&#8221;1_4,1_4,1_4,1_4&#8243; _builder_version=&#8221;4.16&#8243; background_size=&#8221;initial&#8221; background_position=&#8221;top_left&#8221; background_repeat=&#8221;repeat&#8221; global_colors_info=&#8221;{}&#8221;][et_pb_column type=&#8221;1_4&#8243; _builder_version=&#8221;4.16&#8243; custom_padding=&#8221;|||&#8221; global_colors_info=&#8221;{}&#8221; custom_padding__hover=&#8221;|||&#8221;][et_pb_blurb title=&#8221;News&#8221; image=&#8221;https:\/\/hotelledstrom.se\/wp-content\/uploads\/2014\/01\/20GalleriStor.jpg&#8221; image_icon_width=&#8221;none&#8221; admin_label=&#8221;Blurb&#8221; _builder_version=&#8221;4.16&#8243; background_size=&#8221;initial&#8221; background_position=&#8221;top_left&#8221; background_repeat=&#8221;repeat&#8221; text_orientation=&#8221;center&#8221; background_layout=&#8221;dark&#8221; image_max_width=&#8221;none&#8221; global_colors_info=&#8221;{}&#8221;]<\/p>\n<p>Keep an eye out for upcoming events.<\/p>\n<p>[\/et_pb_blurb][\/et_pb_column][et_pb_column type=&#8221;1_4&#8243; _builder_version=&#8221;4.16&#8243; custom_padding=&#8221;|||&#8221; global_colors_info=&#8221;{}&#8221; custom_padding__hover=&#8221;|||&#8221;][et_pb_blurb title=&#8221;Relax area&#8221; url=&#8221;https:\/\/hotelledstrom.se\/faciliteter\/&#8221; image=&#8221;https:\/\/hotelledstrom.se\/wp-content\/uploads\/2014\/01\/bastu.jpg&#8221; image_icon_width=&#8221;none&#8221; admin_label=&#8221;Blurb&#8221; _builder_version=&#8221;4.16&#8243; background_size=&#8221;initial&#8221; background_position=&#8221;top_left&#8221; background_repeat=&#8221;repeat&#8221; text_orientation=&#8221;center&#8221; background_layout=&#8221;dark&#8221; image_max_width=&#8221;none&#8221; global_colors_info=&#8221;{}&#8221;]<\/p>\n<p>If you are staying at the hotel, you have full access to our sauna, fully equiped gym and relaxation area.<\/p>\n<p>[\/et_pb_blurb][\/et_pb_column][et_pb_column type=&#8221;1_4&#8243; _builder_version=&#8221;4.16&#8243; custom_padding=&#8221;|||&#8221; global_colors_info=&#8221;{}&#8221; custom_padding__hover=&#8221;|||&#8221;][et_pb_blurb title=&#8221;Accomodation&#8221; url=&#8221;https:\/\/hotelledstrom.se\/boende\/&#8221; image=&#8221;https:\/\/hotelledstrom.se\/wp-content\/uploads\/2014\/01\/Rum-166_0036.jpg&#8221; image_icon_width=&#8221;none&#8221; admin_label=&#8221;Blurb&#8221; _builder_version=&#8221;4.16&#8243; background_size=&#8221;initial&#8221; background_position=&#8221;top_left&#8221; background_repeat=&#8221;repeat&#8221; text_orientation=&#8221;center&#8221; background_layout=&#8221;dark&#8221; custom_padding=&#8221;||0px|3px||&#8221; image_max_width=&#8221;none&#8221; global_colors_info=&#8221;{}&#8221;]<\/p>\n<p>All our rooms\u00a0 are eqipped to meet the high standards and needs of our guests.\u00a0<\/p>\n<p>&nbsp;<\/p>\n<p>[\/et_pb_blurb][\/et_pb_column][et_pb_column type=&#8221;1_4&#8243; _builder_version=&#8221;4.16&#8243; custom_padding=&#8221;|||&#8221; global_colors_info=&#8221;{}&#8221; custom_padding__hover=&#8221;|||&#8221;][et_pb_blurb title=&#8221;Old Duck Inn&#8221; url=&#8221;https:\/\/hotelledstrom.se\/pub\/&#8221; image=&#8221;https:\/\/hotelledstrom.se\/wp-content\/uploads\/2014\/01\/tappar.jpg&#8221; image_icon_width=&#8221;none&#8221; admin_label=&#8221;Blurb&#8221; _builder_version=&#8221;4.16&#8243; background_size=&#8221;initial&#8221; background_position=&#8221;top_left&#8221; background_repeat=&#8221;repeat&#8221; text_orientation=&#8221;center&#8221; background_layout=&#8221;dark&#8221; image_max_width=&#8221;none&#8221; global_colors_info=&#8221;{}&#8221;]<\/p>\n<p>Closed\u00a0<\/p>\n<p>In our pub you can enjoy good food and drinks in an scottish environment.<\/p>\n<p>&nbsp;<\/p>\n<p>[\/et_pb_blurb][\/et_pb_column][\/et_pb_row][\/et_pb_section][et_pb_section fb_built=&#8221;1&#8243; inner_shadow=&#8221;on&#8221; module_id=&#8221;footer-icons&#8221; _builder_version=&#8221;4.16&#8243; background_color=&#8221;#312727&#8243; global_colors_info=&#8221;{}&#8221;][et_pb_row column_structure=&#8221;1_3,1_3,1_3&#8243; _builder_version=&#8221;4.16&#8243; background_size=&#8221;initial&#8221; background_position=&#8221;top_left&#8221; background_repeat=&#8221;repeat&#8221; global_colors_info=&#8221;{}&#8221;][et_pb_column type=&#8221;1_3&#8243; _builder_version=&#8221;4.16&#8243; custom_padding=&#8221;|||&#8221; global_colors_info=&#8221;{}&#8221; custom_padding__hover=&#8221;|||&#8221;][et_pb_blurb title=&#8221;Find us&#8221; url=&#8221;https:\/\/hotelledstrom.se\/hitta-hit\/&#8221; use_icon=&#8221;on&#8221; font_icon=&#8221;&#xe01d;||divi||400&#8243; icon_color=&#8221;#ffffff&#8221; image_icon_background_color=&#8221;none&#8221; image_icon_width=&#8221;48px&#8221; admin_label=&#8221;Blurb&#8221; _builder_version=&#8221;4.16&#8243; background_size=&#8221;initial&#8221; background_position=&#8221;top_left&#8221; background_repeat=&#8221;repeat&#8221; image_icon_custom_padding=&#8221;25px|25px|25px|25px|false|false&#8221; text_orientation=&#8221;center&#8221; background_layout=&#8221;dark&#8221; border_radii_image=&#8221;on|100%|100%|100%|100%&#8221; use_circle=&#8221;on&#8221; circle_color=&#8221;none&#8221; global_colors_info=&#8221;{}&#8221; image_icon_background_color__sticky_enabled=&#8221;#00428c&#8221; image_icon_background_color__sticky=&#8221;#00428c&#8221;][\/et_pb_blurb][\/et_pb_column][et_pb_column type=&#8221;1_3&#8243; _builder_version=&#8221;4.16&#8243; custom_padding=&#8221;|||&#8221; global_colors_info=&#8221;{}&#8221; custom_padding__hover=&#8221;|||&#8221;][et_pb_blurb title=&#8221;Booking request&#8221; url=&#8221;https:\/\/hotelledstrom.se\/bokningsforfragan\/&#8221; use_icon=&#8221;on&#8221; font_icon=&#8221;&#xe023;||divi||400&#8243; icon_color=&#8221;#ffffff&#8221; admin_label=&#8221;Blurb&#8221; _builder_version=&#8221;4.16&#8243; background_size=&#8221;initial&#8221; background_position=&#8221;top_left&#8221; background_repeat=&#8221;repeat&#8221; text_orientation=&#8221;center&#8221; background_layout=&#8221;dark&#8221; global_colors_info=&#8221;{}&#8221;][\/et_pb_blurb][\/et_pb_column][et_pb_column type=&#8221;1_3&#8243; _builder_version=&#8221;4.16&#8243; custom_padding=&#8221;|||&#8221; global_colors_info=&#8221;{}&#8221; custom_padding__hover=&#8221;|||&#8221;][et_pb_blurb title=&#8221;Contact us&#8221; url=&#8221;https:\/\/hotelledstrom.se\/kontakta-oss\/&#8221; use_icon=&#8221;on&#8221; font_icon=&#8221;&#x77;||divi||400&#8243; icon_color=&#8221;#ffffff&#8221; image_icon_background_color=&#8221;none&#8221; image_icon_width=&#8221;48px&#8221; admin_label=&#8221;Blurb&#8221; _builder_version=&#8221;4.16&#8243; background_size=&#8221;initial&#8221; background_position=&#8221;top_left&#8221; background_repeat=&#8221;repeat&#8221; image_icon_custom_padding=&#8221;25px|25px|25px|25px|false|false&#8221; text_orientation=&#8221;center&#8221; background_layout=&#8221;dark&#8221; border_radii_image=&#8221;on|100%|100%|100%|100%&#8221; use_circle=&#8221;on&#8221; circle_color=&#8221;none&#8221; global_colors_info=&#8221;{}&#8221; image_icon_background_color__sticky_enabled=&#8221;#00428c&#8221; image_icon_background_color__sticky=&#8221;#00428c&#8221;][\/et_pb_blurb][\/et_pb_column][\/et_pb_row][\/et_pb_section]<\/p>\n","protected":false},"excerpt":{"rendered":"<p>A first class business hotel in the heart of Lapland. The Hotel is closed for the summer\u00a0 &nbsp;Keep an eye out for upcoming events.If you are staying at the hotel, you have full access to our sauna, fully equiped gym and relaxation area.All our rooms\u00a0 are eqipped to meet the high standards and needs of [&hellip;]<\/p>\n","protected":false},"author":3,"featured_media":0,"parent":0,"menu_order":0,"comment_status":"open","ping_status":"closed","template":"","meta":{"_et_pb_use_builder":"on","_et_pb_old_content":"<p><strong>Hotell Edstr\u00f6m i Arvidsjaur, i hj\u00e4rtat av Lappland, \u00e4r ett f\u00f6rstklassigt businesshotell med bred incentiveverksamhet.<\/strong>Sn\u00f6 och kyla vintertid skapar en perfekt milj\u00f6 f\u00f6r vintertest och vi har d\u00e4rf\u00f6r, tack vare v\u00e5ra kunder fr\u00e5n Asien, Europa och USA, f\u00e5tt v\u00e4rdefull erfarenhet och impulser att utveckla v\u00e5rt unika hotellkoncept. Inte minst v\u00e5ra restauranger har omtalat h\u00f6g kvalitet.<br \/> <strong>H\u00f6g standard med funktion och s\u00e4kerhet i fokus.<\/strong>\u00a0Hotellet har varierande rumstyper, fr\u00e5n funktionella enkelrum till stora sviter. Rummen har h\u00f6g standard och funktion inom kommunikation, direktnummer med voice-mail, samt s\u00e4kerhet, ljud- och brandklassning. Hotellobbyn har stort serviceutbud och erbjuder \u00e4ven g\u00e4stdator med skrivare.<br \/> Hotell Edstr\u00f6m har varit i familjen Borgmans \u00e4go sedan 1966 och har v\u00e4xt fr\u00e5n 29 rum till dagens 115 rum. Fr\u00e5n att ha varit ett traditionellt rumshotell \u00e4r Hotell Edstr\u00f6m idag en komplett hotellanl\u00e4ggning som kan matcha \u00f6nskem\u00e5l och impulser av de mest skilda slag fr\u00e5n v\u00e5ra g\u00e4ster!<br \/> <strong>Varmt v\u00e4lkommen!<\/strong><\/p>","_et_gb_content_width":"","footnotes":""},"yoast_head":"<!-- This site is optimized with the Yoast SEO plugin v22.1 - https:\/\/yoast.com\/wordpress\/plugins\/seo\/ -->\n<title>Welcome to Hotel Edstr\u00f6m - Hotell Edstr\u00f6m<\/title>\n<meta name=\"robots\" content=\"index, follow, max-snippet:-1, max-image-preview:large, max-video-preview:-1\" \/>\n<link rel=\"canonical\" href=\"https:\/\/hotelledstrom.se\/en\/\" \/>\n<meta property=\"og:locale\" content=\"en_US\" \/>\n<meta property=\"og:type\" content=\"article\" \/>\n<meta property=\"og:title\" content=\"Welcome to Hotel Edstr\u00f6m - Hotell Edstr\u00f6m\" \/>\n<meta property=\"og:description\" content=\"A first class business hotel in the heart of Lapland. The Hotel is closed for the summer\u00a0 &nbsp;Keep an eye out for upcoming events.If you are staying at the hotel, you have full access to our sauna, fully equiped gym and relaxation area.All our rooms\u00a0 are eqipped to meet the high standards and needs of [&hellip;]\" \/>\n<meta property=\"og:url\" content=\"https:\/\/hotelledstrom.se\/en\/\" \/>\n<meta property=\"og:site_name\" content=\"Hotell Edstr\u00f6m\" \/>\n<meta property=\"article:modified_time\" content=\"2025-04-30T08:17:13+00:00\" \/>\n<meta name=\"twitter:label1\" content=\"Est. reading time\" \/>\n\t<meta name=\"twitter:data1\" content=\"6 minutes\" \/>\n<script type=\"application\/ld+json\" class=\"yoast-schema-graph\">{\"@context\":\"https:\/\/schema.org\",\"@graph\":[{\"@type\":\"WebPage\",\"@id\":\"https:\/\/hotelledstrom.se\/en\/\",\"url\":\"https:\/\/hotelledstrom.se\/en\/\",\"name\":\"Welcome to Hotel Edstr\u00f6m - Hotell Edstr\u00f6m\",\"isPartOf\":{\"@id\":\"https:\/\/hotelledstrom.se\/en\/#website\"},\"datePublished\":\"2014-11-26T10:46:29+00:00\",\"dateModified\":\"2025-04-30T08:17:13+00:00\",\"inLanguage\":\"en-US\",\"potentialAction\":[{\"@type\":\"ReadAction\",\"target\":[\"https:\/\/hotelledstrom.se\/en\/\"]}]},{\"@type\":\"WebSite\",\"@id\":\"https:\/\/hotelledstrom.se\/en\/#website\",\"url\":\"https:\/\/hotelledstrom.se\/en\/\",\"name\":\"Hotell Edstr\u00f6m\",\"description\":\"Ett f\u00f6rstklassigt businesshotell i hj\u00e4rtat av Lappland.\",\"potentialAction\":[{\"@type\":\"SearchAction\",\"target\":{\"@type\":\"EntryPoint\",\"urlTemplate\":\"https:\/\/hotelledstrom.se\/en\/?s={search_term_string}\"},\"query-input\":\"required name=search_term_string\"}],\"inLanguage\":\"en-US\"}]}<\/script>\n<!-- \/ Yoast SEO plugin. -->","yoast_head_json":{"title":"Welcome to Hotel Edstr\u00f6m - Hotell Edstr\u00f6m","robots":{"index":"index","follow":"follow","max-snippet":"max-snippet:-1","max-image-preview":"max-image-preview:large","max-video-preview":"max-video-preview:-1"},"canonical":"https:\/\/hotelledstrom.se\/en\/","og_locale":"en_US","og_type":"article","og_title":"Welcome to Hotel Edstr\u00f6m - Hotell Edstr\u00f6m","og_description":"A first class business hotel in the heart of Lapland. The Hotel is closed for the summer\u00a0 &nbsp;Keep an eye out for upcoming events.If you are staying at the hotel, you have full access to our sauna, fully equiped gym and relaxation area.All our rooms\u00a0 are eqipped to meet the high standards and needs of [&hellip;]","og_url":"https:\/\/hotelledstrom.se\/en\/","og_site_name":"Hotell Edstr\u00f6m","article_modified_time":"2025-04-30T08:17:13+00:00","twitter_misc":{"Est. reading time":"6 minutes"},"schema":{"@context":"https:\/\/schema.org","@graph":[{"@type":"WebPage","@id":"https:\/\/hotelledstrom.se\/en\/","url":"https:\/\/hotelledstrom.se\/en\/","name":"Welcome to Hotel Edstr\u00f6m - Hotell Edstr\u00f6m","isPartOf":{"@id":"https:\/\/hotelledstrom.se\/en\/#website"},"datePublished":"2014-11-26T10:46:29+00:00","dateModified":"2025-04-30T08:17:13+00:00","inLanguage":"en-US","potentialAction":[{"@type":"ReadAction","target":["https:\/\/hotelledstrom.se\/en\/"]}]},{"@type":"WebSite","@id":"https:\/\/hotelledstrom.se\/en\/#website","url":"https:\/\/hotelledstrom.se\/en\/","name":"Hotell Edstr\u00f6m","description":"Ett f\u00f6rstklassigt businesshotell i hj\u00e4rtat av Lappland.","potentialAction":[{"@type":"SearchAction","target":{"@type":"EntryPoint","urlTemplate":"https:\/\/hotelledstrom.se\/en\/?s={search_term_string}"},"query-input":"required name=search_term_string"}],"inLanguage":"en-US"}]}},"_links":{"self":[{"href":"https:\/\/hotelledstrom.se\/en\/wp-json\/wp\/v2\/pages\/421"}],"collection":[{"href":"https:\/\/hotelledstrom.se\/en\/wp-json\/wp\/v2\/pages"}],"about":[{"href":"https:\/\/hotelledstrom.se\/en\/wp-json\/wp\/v2\/types\/page"}],"author":[{"embeddable":true,"href":"https:\/\/hotelledstrom.se\/en\/wp-json\/wp\/v2\/users\/3"}],"replies":[{"embeddable":true,"href":"https:\/\/hotelledstrom.se\/en\/wp-json\/wp\/v2\/comments?post=421"}],"version-history":[{"count":0,"href":"https:\/\/hotelledstrom.se\/en\/wp-json\/wp\/v2\/pages\/421\/revisions"}],"wp:attachment":[{"href":"https:\/\/hotelledstrom.se\/en\/wp-json\/wp\/v2\/media?parent=421"}],"curies":[{"name":"wp","href":"https:\/\/api.w.org\/{rel}","templated":true}]}}