{"id":422,"date":"2014-11-26T12:01:33","date_gmt":"2014-11-26T11:01:33","guid":{"rendered":"https:\/\/weho.se.vkube.cloud\/?page_id=422"},"modified":"2023-11-07T16:14:48","modified_gmt":"2023-11-07T15:14:48","slug":"old-duck-inn-2","status":"publish","type":"page","link":"https:\/\/hotelledstrom.se\/en\/old-duck-inn-2\/","title":{"rendered":"Old duck inn"},"content":{"rendered":"<p>[et_pb_section fb_built=&#8221;1&#8243; fullwidth=&#8221;on&#8221; _builder_version=&#8221;3.22.3&#8243; background_color=&#8221;#181f2c&#8221; global_colors_info=&#8221;{}&#8221;][et_pb_fullwidth_slider admin_label=&#8221;Fullwidth Slider&#8221; _builder_version=&#8221;3.16&#8243; custom_padding=&#8221;||991px|||&#8221; custom_padding_tablet=&#8221;|||&#8221; custom_padding_phone=&#8221;|||&#8221; box_shadow_style=&#8221;preset6&#8243; box_shadow_blur=&#8221;10px&#8221; box_shadow_color=&#8221;rgba(0,0,0,0.1)&#8221; show_inner_shadow=&#8221;on&#8221; global_colors_info=&#8221;{}&#8221; button_text_size__hover_enabled=&#8221;off&#8221; button_one_text_size__hover_enabled=&#8221;off&#8221; button_two_text_size__hover_enabled=&#8221;off&#8221; button_text_color__hover_enabled=&#8221;off&#8221; button_one_text_color__hover_enabled=&#8221;off&#8221; button_two_text_color__hover_enabled=&#8221;off&#8221; button_border_width__hover_enabled=&#8221;off&#8221; button_one_border_width__hover_enabled=&#8221;off&#8221; button_two_border_width__hover_enabled=&#8221;off&#8221; button_border_color__hover_enabled=&#8221;off&#8221; button_one_border_color__hover_enabled=&#8221;off&#8221; button_two_border_color__hover_enabled=&#8221;off&#8221; button_border_radius__hover_enabled=&#8221;off&#8221; button_one_border_radius__hover_enabled=&#8221;off&#8221; button_two_border_radius__hover_enabled=&#8221;off&#8221; button_letter_spacing__hover_enabled=&#8221;off&#8221; button_one_letter_spacing__hover_enabled=&#8221;off&#8221; button_two_letter_spacing__hover_enabled=&#8221;off&#8221; button_bg_color__hover_enabled=&#8221;off&#8221; button_one_bg_color__hover_enabled=&#8221;off&#8221; button_two_bg_color__hover_enabled=&#8221;off&#8221;][et_pb_slide heading=&#8221;Old duck inn&#8221; _builder_version=&#8221;3.16&#8243; background_color=&#8221;#ffffff&#8221; background_image=&#8221;https:\/\/hotelledstrom.se\/wp-content\/uploads\/2014\/01\/pub.jpg&#8221; global_colors_info=&#8221;{}&#8221; button_text_size__hover_enabled=&#8221;off&#8221; button_one_text_size__hover_enabled=&#8221;off&#8221; button_two_text_size__hover_enabled=&#8221;off&#8221; button_text_color__hover_enabled=&#8221;off&#8221; button_one_text_color__hover_enabled=&#8221;off&#8221; button_two_text_color__hover_enabled=&#8221;off&#8221; button_border_width__hover_enabled=&#8221;off&#8221; button_one_border_width__hover_enabled=&#8221;off&#8221; button_two_border_width__hover_enabled=&#8221;off&#8221; button_border_color__hover_enabled=&#8221;off&#8221; button_one_border_color__hover_enabled=&#8221;off&#8221; button_two_border_color__hover_enabled=&#8221;off&#8221; button_border_radius__hover_enabled=&#8221;off&#8221; button_one_border_radius__hover_enabled=&#8221;off&#8221; button_two_border_radius__hover_enabled=&#8221;off&#8221; button_letter_spacing__hover_enabled=&#8221;off&#8221; button_one_letter_spacing__hover_enabled=&#8221;off&#8221; button_two_letter_spacing__hover_enabled=&#8221;off&#8221; button_bg_color__hover_enabled=&#8221;off&#8221; button_one_bg_color__hover_enabled=&#8221;off&#8221; button_two_bg_color__hover_enabled=&#8221;off&#8221; sticky_transition=&#8221;on&#8221;]<\/p>\n<p>&nbsp;<\/p>\n<h3>Eat and drink in a\u00a0exclusive\u00a0Scottish\u00a0atmosphere<\/h3>\n<p>&nbsp;<\/p>\n<p><span style=\"font-size: x-large;\">Closed <\/span><span style=\"font-size: large;\"><em><\/em><\/span><span style=\"font-size: x-large;\"><\/span><\/p>\n<p>&nbsp;<\/p>\n<p><span style=\"font-size: x-large;\"><\/span><\/p>\n<p>&nbsp;<\/p>\n<p>&nbsp;<\/p>\n<p>[\/et_pb_slide][\/et_pb_fullwidth_slider][\/et_pb_section][et_pb_section fb_built=&#8221;1&#8243; _builder_version=&#8221;3.22.3&#8243; background_color=&#8221;#343f45&#8243; global_colors_info=&#8221;{}&#8221;][et_pb_row _builder_version=&#8221;3.25&#8243; background_size=&#8221;initial&#8221; background_position=&#8221;top_left&#8221; background_repeat=&#8221;repeat&#8221; global_colors_info=&#8221;{}&#8221;][et_pb_column type=&#8221;4_4&#8243; _builder_version=&#8221;3.25&#8243; custom_padding=&#8221;|||&#8221; global_colors_info=&#8221;{}&#8221; custom_padding__hover=&#8221;|||&#8221;][et_pb_text _builder_version=&#8221;3.27.4&#8243; background_size=&#8221;initial&#8221; background_position=&#8221;top_left&#8221; background_repeat=&#8221;repeat&#8221; text_orientation=&#8221;center&#8221; background_layout=&#8221;dark&#8221; module_alignment=&#8221;center&#8221; custom_padding=&#8221;||0px|||&#8221; global_colors_info=&#8221;{}&#8221;]<\/p>\n<h2>Welcome to Old Duck Inn<\/h2>\n<p><span class=\"stil2\">We serve a more basic menu in an exclusive Scottish pub environment<\/span>.<\/p>\n<h1><\/h1>\n<p>&nbsp;<\/p>\n<p>NO TABLE RESERVATION<\/p>\n<p>[\/et_pb_text][\/et_pb_column][\/et_pb_row][\/et_pb_section][et_pb_section fb_built=&#8221;1&#8243; _builder_version=&#8221;3.22.3&#8243; background_color=&#8221;#f5f5f5&#8243; global_colors_info=&#8221;{}&#8221;][et_pb_row column_structure=&#8221;1_4,1_4,1_4,1_4&#8243; _builder_version=&#8221;3.25&#8243; background_size=&#8221;initial&#8221; background_position=&#8221;top_left&#8221; background_repeat=&#8221;repeat&#8221; global_colors_info=&#8221;{}&#8221;][et_pb_column type=&#8221;1_4&#8243; _builder_version=&#8221;3.25&#8243; custom_padding=&#8221;|||&#8221; global_colors_info=&#8221;{}&#8221; custom_padding__hover=&#8221;|||&#8221;][et_pb_blurb title=&#8221;Importerad beer&#8221; image=&#8221;https:\/\/hotelledstrom.se\/wp-content\/uploads\/2014\/01\/tappar.jpg&#8221; image_icon_width=&#8221;none&#8221; admin_label=&#8221;Blurb&#8221; _builder_version=&#8221;4.13.0&#8243; background_size=&#8221;initial&#8221; background_position=&#8221;top_left&#8221; background_repeat=&#8221;repeat&#8221; text_orientation=&#8221;center&#8221; image_max_width=&#8221;none&#8221; global_colors_info=&#8221;{}&#8221;][\/et_pb_blurb][\/et_pb_column][et_pb_column type=&#8221;1_4&#8243; _builder_version=&#8221;3.25&#8243; custom_padding=&#8221;|||&#8221; global_colors_info=&#8221;{}&#8221; custom_padding__hover=&#8221;|||&#8221;][et_pb_image src=&#8221;https:\/\/hotelledstrom.se\/wp-content\/uploads\/2014\/01\/Barlokal.jpg&#8221; align_tablet=&#8221;center&#8221; align_phone=&#8221;&#8221; align_last_edited=&#8221;on|desktop&#8221; admin_label=&#8221;Image&#8221; _builder_version=&#8221;3.23&#8243; animation_style=&#8221;slide&#8221; animation_direction=&#8221;bottom&#8221; animation_duration=&#8221;500ms&#8221; animation_intensity_slide=&#8221;10%&#8221; animation=&#8221;bottom&#8221; global_colors_info=&#8221;{}&#8221;][\/et_pb_image][et_pb_text _builder_version=&#8221;3.27.4&#8243; background_size=&#8221;initial&#8221; background_position=&#8221;top_left&#8221; background_repeat=&#8221;repeat&#8221; text_orientation=&#8221;center&#8221; module_alignment=&#8221;center&#8221; global_colors_info=&#8221;{}&#8221;]<\/p>\n<h3 style=\"text-align: left;\">OPENING HOURS<\/h3>\n<h2 style=\"text-align: left;\"><span style=\"font-size: small;\"><strong>Closed<\/strong><\/span><\/h2>\n<p><span style=\"font-size: small;\"><strong><\/strong><\/span><\/p>\n<p><span style=\"font-size: small;\"><strong><\/strong><\/span><\/p>\n<p>[\/et_pb_text][\/et_pb_column][et_pb_column type=&#8221;1_4&#8243; _builder_version=&#8221;3.25&#8243; custom_padding=&#8221;|||&#8221; global_colors_info=&#8221;{}&#8221; custom_padding__hover=&#8221;|||&#8221;][et_pb_image src=&#8221;https:\/\/hotelledstrom.se\/wp-content\/uploads\/2014\/01\/pub.jpg&#8221; align_tablet=&#8221;center&#8221; align_phone=&#8221;&#8221; align_last_edited=&#8221;on|desktop&#8221; admin_label=&#8221;Image&#8221; _builder_version=&#8221;3.23&#8243; animation_style=&#8221;slide&#8221; animation_direction=&#8221;bottom&#8221; animation_duration=&#8221;500ms&#8221; animation_intensity_slide=&#8221;10%&#8221; animation=&#8221;bottom&#8221; global_colors_info=&#8221;{}&#8221;][\/et_pb_image][\/et_pb_column][et_pb_column type=&#8221;1_4&#8243; _builder_version=&#8221;3.25&#8243; custom_padding=&#8221;|||&#8221; global_colors_info=&#8221;{}&#8221; custom_padding__hover=&#8221;|||&#8221;][et_pb_image src=&#8221;https:\/\/hotelledstrom.se\/wp-content\/uploads\/2014\/01\/20GalleriStor.jpg&#8221; align_tablet=&#8221;center&#8221; align_phone=&#8221;&#8221; align_last_edited=&#8221;on|desktop&#8221; admin_label=&#8221;Image&#8221; _builder_version=&#8221;3.23&#8243; animation_style=&#8221;slide&#8221; animation_direction=&#8221;bottom&#8221; animation_duration=&#8221;500ms&#8221; animation_intensity_slide=&#8221;10%&#8221; animation=&#8221;bottom&#8221; global_colors_info=&#8221;{}&#8221;][\/et_pb_image][\/et_pb_column][\/et_pb_row][\/et_pb_section][et_pb_section fb_built=&#8221;1&#8243; _builder_version=&#8221;3.22.3&#8243; background_color=&#8221;#312727&#8243; global_colors_info=&#8221;{}&#8221;][et_pb_row _builder_version=&#8221;3.25&#8243; background_size=&#8221;initial&#8221; background_position=&#8221;top_left&#8221; background_repeat=&#8221;repeat&#8221; global_colors_info=&#8221;{}&#8221;][et_pb_column type=&#8221;4_4&#8243; _builder_version=&#8221;3.25&#8243; custom_padding=&#8221;|||&#8221; global_colors_info=&#8221;{}&#8221; custom_padding__hover=&#8221;|||&#8221;][\/et_pb_column][\/et_pb_row][\/et_pb_section]<\/p>\n","protected":false},"excerpt":{"rendered":"<p>&nbsp; Eat and drink in a\u00a0exclusive\u00a0Scottish\u00a0atmosphere &nbsp; Closed &nbsp; &nbsp; &nbsp;Welcome to Old Duck Inn We serve a more basic menu in an exclusive Scottish pub environment. &nbsp; NO TABLE RESERVATIONOPENING HOURS Closed<\/p>\n","protected":false},"author":3,"featured_media":0,"parent":0,"menu_order":0,"comment_status":"open","ping_status":"closed","template":"","meta":{"_et_pb_use_builder":"on","_et_pb_old_content":"<p>V\u00e4lkommen att avnjuta god mat i en exklusiv\u00a0skotsk pub milj\u00f6. Vi har en enklare meny\u00a0som erbjuder en variation av r\u00e4tter, bland annat v\u00e5ran popul\u00e4ra plankstek. Bordsbokning f\u00f6r\u00a0S\u00e4llskap st\u00f6rre \u00e4n 4 personer var v\u00e4nlig och kontakta oss p\u00e5 0960-17100 mellan kl 15:00-16:00.<\/p><p>[gallery columns=\"4\" link=\"file\" ids=\"110,113,116,107\"]<\/p><p>\u00a0<\/p>","_et_gb_content_width":"","footnotes":""},"yoast_head":"<!-- This site is optimized with the Yoast SEO plugin v22.1 - https:\/\/yoast.com\/wordpress\/plugins\/seo\/ -->\n<title>Old duck inn - Hotell Edstr\u00f6m<\/title>\n<meta name=\"robots\" content=\"index, follow, max-snippet:-1, max-image-preview:large, max-video-preview:-1\" \/>\n<link rel=\"canonical\" href=\"https:\/\/hotelledstrom.se\/en\/old-duck-inn-2\/\" \/>\n<meta property=\"og:locale\" content=\"en_US\" \/>\n<meta property=\"og:type\" content=\"article\" \/>\n<meta property=\"og:title\" content=\"Old duck inn - Hotell Edstr\u00f6m\" \/>\n<meta property=\"og:description\" content=\"&nbsp; Eat and drink in a\u00a0exclusive\u00a0Scottish\u00a0atmosphere &nbsp; Closed &nbsp; &nbsp; &nbsp;Welcome to Old Duck Inn We serve a more basic menu in an exclusive Scottish pub environment. &nbsp; NO TABLE RESERVATIONOPENING HOURS Closed\" \/>\n<meta property=\"og:url\" content=\"https:\/\/hotelledstrom.se\/en\/old-duck-inn-2\/\" \/>\n<meta property=\"og:site_name\" content=\"Hotell Edstr\u00f6m\" \/>\n<meta property=\"article:modified_time\" content=\"2023-11-07T15:14:48+00:00\" \/>\n<meta name=\"twitter:label1\" content=\"Est. reading time\" \/>\n\t<meta name=\"twitter:data1\" content=\"4 minutes\" \/>\n<script type=\"application\/ld+json\" class=\"yoast-schema-graph\">{\"@context\":\"https:\/\/schema.org\",\"@graph\":[{\"@type\":\"WebPage\",\"@id\":\"https:\/\/hotelledstrom.se\/en\/old-duck-inn-2\/\",\"url\":\"https:\/\/hotelledstrom.se\/en\/old-duck-inn-2\/\",\"name\":\"Old duck inn - Hotell Edstr\u00f6m\",\"isPartOf\":{\"@id\":\"https:\/\/hotelledstrom.se\/en\/#website\"},\"datePublished\":\"2014-11-26T11:01:33+00:00\",\"dateModified\":\"2023-11-07T15:14:48+00:00\",\"inLanguage\":\"en-US\",\"potentialAction\":[{\"@type\":\"ReadAction\",\"target\":[\"https:\/\/hotelledstrom.se\/en\/old-duck-inn-2\/\"]}]},{\"@type\":\"WebSite\",\"@id\":\"https:\/\/hotelledstrom.se\/en\/#website\",\"url\":\"https:\/\/hotelledstrom.se\/en\/\",\"name\":\"Hotell Edstr\u00f6m\",\"description\":\"Ett f\u00f6rstklassigt businesshotell i hj\u00e4rtat av Lappland.\",\"potentialAction\":[{\"@type\":\"SearchAction\",\"target\":{\"@type\":\"EntryPoint\",\"urlTemplate\":\"https:\/\/hotelledstrom.se\/en\/?s={search_term_string}\"},\"query-input\":\"required name=search_term_string\"}],\"inLanguage\":\"en-US\"}]}<\/script>\n<!-- \/ Yoast SEO plugin. -->","yoast_head_json":{"title":"Old duck inn - Hotell Edstr\u00f6m","robots":{"index":"index","follow":"follow","max-snippet":"max-snippet:-1","max-image-preview":"max-image-preview:large","max-video-preview":"max-video-preview:-1"},"canonical":"https:\/\/hotelledstrom.se\/en\/old-duck-inn-2\/","og_locale":"en_US","og_type":"article","og_title":"Old duck inn - Hotell Edstr\u00f6m","og_description":"&nbsp; Eat and drink in a\u00a0exclusive\u00a0Scottish\u00a0atmosphere &nbsp; Closed &nbsp; &nbsp; &nbsp;Welcome to Old Duck Inn We serve a more basic menu in an exclusive Scottish pub environment. &nbsp; NO TABLE RESERVATIONOPENING HOURS Closed","og_url":"https:\/\/hotelledstrom.se\/en\/old-duck-inn-2\/","og_site_name":"Hotell Edstr\u00f6m","article_modified_time":"2023-11-07T15:14:48+00:00","twitter_misc":{"Est. reading time":"4 minutes"},"schema":{"@context":"https:\/\/schema.org","@graph":[{"@type":"WebPage","@id":"https:\/\/hotelledstrom.se\/en\/old-duck-inn-2\/","url":"https:\/\/hotelledstrom.se\/en\/old-duck-inn-2\/","name":"Old duck inn - Hotell Edstr\u00f6m","isPartOf":{"@id":"https:\/\/hotelledstrom.se\/en\/#website"},"datePublished":"2014-11-26T11:01:33+00:00","dateModified":"2023-11-07T15:14:48+00:00","inLanguage":"en-US","potentialAction":[{"@type":"ReadAction","target":["https:\/\/hotelledstrom.se\/en\/old-duck-inn-2\/"]}]},{"@type":"WebSite","@id":"https:\/\/hotelledstrom.se\/en\/#website","url":"https:\/\/hotelledstrom.se\/en\/","name":"Hotell Edstr\u00f6m","description":"Ett f\u00f6rstklassigt businesshotell i hj\u00e4rtat av Lappland.","potentialAction":[{"@type":"SearchAction","target":{"@type":"EntryPoint","urlTemplate":"https:\/\/hotelledstrom.se\/en\/?s={search_term_string}"},"query-input":"required name=search_term_string"}],"inLanguage":"en-US"}]}},"_links":{"self":[{"href":"https:\/\/hotelledstrom.se\/en\/wp-json\/wp\/v2\/pages\/422"}],"collection":[{"href":"https:\/\/hotelledstrom.se\/en\/wp-json\/wp\/v2\/pages"}],"about":[{"href":"https:\/\/hotelledstrom.se\/en\/wp-json\/wp\/v2\/types\/page"}],"author":[{"embeddable":true,"href":"https:\/\/hotelledstrom.se\/en\/wp-json\/wp\/v2\/users\/3"}],"replies":[{"embeddable":true,"href":"https:\/\/hotelledstrom.se\/en\/wp-json\/wp\/v2\/comments?post=422"}],"version-history":[{"count":0,"href":"https:\/\/hotelledstrom.se\/en\/wp-json\/wp\/v2\/pages\/422\/revisions"}],"wp:attachment":[{"href":"https:\/\/hotelledstrom.se\/en\/wp-json\/wp\/v2\/media?parent=422"}],"curies":[{"name":"wp","href":"https:\/\/api.w.org\/{rel}","templated":true}]}}